{"id":937,"date":"2022-12-26T11:17:18","date_gmt":"2022-12-26T11:17:18","guid":{"rendered":"https:\/\/themexriver.com\/wp\/constim\/?page_id=937"},"modified":"2026-02-01T17:20:52","modified_gmt":"2026-02-01T16:20:52","slug":"devis","status":"publish","type":"page","link":"https:\/\/bktrading-tunisie.com\/en\/devis\/","title":{"rendered":"Quote"},"content":{"rendered":"<div data-elementor-type=\"wp-page\" data-elementor-id=\"937\" class=\"elementor elementor-937\" data-elementor-post-type=\"page\">\n\t\t\t\t\t\t<section class=\"elementor-section elementor-top-section elementor-element elementor-element-6473e48 elementor-section-full_width page-title elementor-section-height-default elementor-section-height-default\" data-id=\"6473e48\" data-element_type=\"section\" data-e-type=\"section\" data-settings=\"{&quot;background_background&quot;:&quot;gradient&quot;}\">\n\t\t\t\t\t\t<div class=\"elementor-container elementor-column-gap-no\">\n\t\t\t\t\t<div class=\"elementor-column elementor-col-100 elementor-top-column elementor-element elementor-element-f4c6508\" data-id=\"f4c6508\" data-element_type=\"column\" data-e-type=\"column\">\n\t\t\t<div class=\"elementor-widget-wrap elementor-element-populated\">\n\t\t\t\t\t\t<div class=\"elementor-element elementor-element-f03542a elementor-widget elementor-widget-heading\" data-id=\"f03542a\" data-element_type=\"widget\" data-e-type=\"widget\" data-widget_type=\"heading.default\">\n\t\t\t\t\t<h1 class=\"elementor-heading-title elementor-size-default\">Request a Quote<\/h1>\t\t\t\t<\/div>\n\t\t\t\t\t<\/div>\n\t\t<\/div>\n\t\t\t\t\t<\/div>\n\t\t<\/section>\n\t\t<div class=\"elementor-element elementor-element-2c8ebc7 e-flex e-con-boxed e-con e-parent\" data-id=\"2c8ebc7\" data-element_type=\"container\" data-e-type=\"container\">\n\t\t\t\t\t<div class=\"e-con-inner\">\n\t\t\t\t<div class=\"elementor-element elementor-element-378f648 elementor-widget__width-initial elementor-widget-mobile__width-inherit elementor-widget elementor-widget-hos-section-title-id\" data-id=\"378f648\" data-element_type=\"widget\" data-e-type=\"widget\" data-widget_type=\"hos-section-title-id.default\">\n\t\t\t\t<div class=\"elementor-widget-container\">\n\t\t\t\t\t\t\t<div class=\"sec-title\">\r\n\t\t<div class=\"d-flex justify-content-between align-items-center\">\r\n\t\t\t<!-- Left Box -->\r\n\t\t\t<div class=\"left-box\">\r\n\t\t\t\t                \t<div class=\"big-title\">Demande d&#039;un Devis<\/div>\r\n                \t\t\t\t                    <h2>Need a<span>packaging<\/span> solution or <span>industrial supplies<\/span> ?<\/h2>\r\n                \t\t\t\t                \t<div class=\"arrow\"><img decoding=\"async\" src=\"https:\/\/themexriver.com\/wp\/constim\/wp-content\/uploads\/2022\/12\/arrow-down.png\" alt=\"\" \/><\/div>\r\n                \t\t\t<\/div>\r\n\t\t\t<!-- Right Box -->\r\n\t\t\t<div class=\"right-box\">\r\n\t\t\t\t<div class=\"text\"><\/div>\r\n\t\t\t<\/div>\r\n\t\t<\/div>\r\n\t<\/div>\r\n\t    \t\t\t\t<\/div>\n\t\t\t\t<\/div>\n\t\t\t\t<div class=\"elementor-element elementor-element-4037c09 elementor-widget__width-inherit elementor-widget elementor-widget-text-editor\" data-id=\"4037c09\" data-element_type=\"widget\" data-e-type=\"widget\" data-widget_type=\"text-editor.default\">\n\t\t\t\t\t\t\t\t\t<p>With <b>BK Trading<\/b>, we offer personalized quotes that are quick and tailored to your professional needs.<\/p><p>Fill out the form below and our team will get back to you as soon as possible.<\/p>\t\t\t\t\t\t\t\t<\/div>\n\t\t\t\t<div class=\"elementor-element elementor-element-d7873cb elementor-widget__width-initial elementor-widget elementor-widget-hos-contact-cf-form-id\" data-id=\"d7873cb\" data-element_type=\"widget\" data-e-type=\"widget\" data-widget_type=\"hos-contact-cf-form-id.default\">\n\t\t\t\t<div class=\"elementor-widget-container\">\n\t\t\t\t\t    <section class=\"contact-form-section\">\r\n\t\t<div class=\"auto-container\">\r\n\t\t\t<div class=\"row clearfix\">\r\n\t\t\t\t<!-- Form Column -->\r\n\t\t\t\t<div class=\"form-column col-lg-7 col-md-12 col-sm-12\">\r\n\t\t\t\t\t<div class=\"inner-column\">\r\n                        \t\t\t\t\t\t    <h3>Customer Information:<\/h3>\r\n                        \t\t\t\t\t\t\r\n\t\t\t\t\t\t<!-- Comment Form -->\r\n                        \t\t\t\t\t\t<div class=\"comment-form contact-form\">\r\n\t\t\t\t\t\t\t\n<div class=\"wpcf7 no-js\" id=\"wpcf7-f1979-o1\" lang=\"fr-FR\" dir=\"ltr\" data-wpcf7-id=\"1979\">\n<div class=\"screen-reader-response\"><p role=\"status\" aria-live=\"polite\" aria-atomic=\"true\"><\/p> <ul><\/ul><\/div>\n<form action=\"\/en\/wp-json\/wp\/v2\/pages\/937#wpcf7-f1979-o1\" method=\"post\" class=\"wpcf7-form init\" aria-label=\"Formulaire de contact\" enctype=\"multipart\/form-data\" novalidate=\"novalidate\" data-status=\"init\" data-trp-original-action=\"\/en\/wp-json\/wp\/v2\/pages\/937#wpcf7-f1979-o1\">\n<fieldset class=\"hidden-fields-container\"><input type=\"hidden\" name=\"_wpcf7\" value=\"1979\" \/><input type=\"hidden\" name=\"_wpcf7_version\" value=\"6.1.5\" \/><input type=\"hidden\" name=\"_wpcf7_locale\" value=\"fr_FR\" \/><input type=\"hidden\" name=\"_wpcf7_unit_tag\" value=\"wpcf7-f1979-o1\" \/><input type=\"hidden\" name=\"_wpcf7_container_post\" value=\"0\" \/><input type=\"hidden\" name=\"_wpcf7_posted_data_hash\" value=\"\" \/>\n<\/fieldset>\n<div class=\"form-layout\">\n\t<div class=\"form-row\">\n\t\t<div class=\"form-column\">\n\t\t\t<p><label>Last Name *<\/label><br \/>\n<span class=\"wpcf7-form-control-wrap\" data-name=\"client-name\"><input size=\"40\" maxlength=\"400\" class=\"wpcf7-form-control wpcf7-text wpcf7-validates-as-required\" aria-required=\"true\" aria-invalid=\"false\" placeholder=\"Your last name\" value=\"\" type=\"text\" name=\"client-name\" \/><\/span>\n\t\t\t<\/p>\n\t\t<\/div>\n\t\t<div class=\"form-column\">\n\t\t\t<p><label>First Name *<\/label><br \/>\n<span class=\"wpcf7-form-control-wrap\" data-name=\"client-surname\"><input size=\"40\" maxlength=\"400\" class=\"wpcf7-form-control wpcf7-text wpcf7-validates-as-required\" aria-required=\"true\" aria-invalid=\"false\" placeholder=\"Your first name\" value=\"\" type=\"text\" name=\"client-surname\" \/><\/span>\n\t\t\t<\/p>\n\t\t<\/div>\n\t<\/div>\n\t<div class=\"form-row\">\n\t\t<div class=\"form-column\">\n\t\t\t<p><label>Phone *<\/label><br \/>\n<span class=\"wpcf7-form-control-wrap\" data-name=\"client-phone\"><input size=\"40\" maxlength=\"400\" class=\"wpcf7-form-control wpcf7-tel wpcf7-validates-as-required wpcf7-text wpcf7-validates-as-tel\" aria-required=\"true\" aria-invalid=\"false\" placeholder=\"12 345 678\" value=\"\" type=\"tel\" name=\"client-phone\" \/><\/span>\n\t\t\t<\/p>\n\t\t<\/div>\n\t\t<div class=\"form-column\">\n\t\t\t<p><label>Professional Email *<\/label><br \/>\n<span class=\"wpcf7-form-control-wrap\" data-name=\"client-email\"><input size=\"40\" maxlength=\"400\" class=\"wpcf7-form-control wpcf7-email wpcf7-validates-as-required wpcf7-text wpcf7-validates-as-email\" aria-required=\"true\" aria-invalid=\"false\" placeholder=\"email@entreprise.com\" value=\"\" type=\"email\" name=\"client-email\" \/><\/span>\n\t\t\t<\/p>\n\t\t<\/div>\n\t<\/div>\n\t<div class=\"form-row\">\n\t\t<div class=\"form-column\">\n\t\t\t<p><label>Company name *<\/label><br \/>\n<span class=\"wpcf7-form-control-wrap\" data-name=\"company-name\"><input size=\"40\" maxlength=\"400\" class=\"wpcf7-form-control wpcf7-text wpcf7-validates-as-required\" aria-required=\"true\" aria-invalid=\"false\" placeholder=\"Your company name\" value=\"\" type=\"text\" name=\"company-name\" \/><\/span>\n\t\t\t<\/p>\n\t\t<\/div>\n\t\t<div class=\"form-column\">\n\t\t\t<p><label>Industry sector (optional)<\/label><br \/>\n<span class=\"wpcf7-form-control-wrap\" data-name=\"company-sector\"><input size=\"40\" maxlength=\"400\" class=\"wpcf7-form-control wpcf7-text\" aria-invalid=\"false\" placeholder=\"Industry (optional)\" value=\"\" type=\"text\" name=\"company-sector\" \/><\/span>\n\t\t\t<\/p>\n\t\t<\/div>\n\t<\/div>\n\t<h3>Your Request:\n\t<\/h3>\n\t<div class=\"form-row full-width\">\n\t\t<p><label>Product type<\/label>\n\t\t<\/p>\n\t\t<div class=\"checkbox-group\">\n\t\t\t<p><span class=\"wpcf7-form-control-wrap\" data-name=\"product-type\"><span class=\"wpcf7-form-control wpcf7-checkbox wpcf7-validates-as-required\"><span class=\"wpcf7-list-item first\"><label><input type=\"checkbox\" name=\"product-type[]\" value=\"Emballage industriel\" \/><span class=\"wpcf7-list-item-label\">Industrial packaging<\/span><\/label><\/span><span class=\"wpcf7-list-item\"><label><input type=\"checkbox\" name=\"product-type[]\" value=\"Fournitures industrielles\" \/><span class=\"wpcf7-list-item-label\">Industrial supplies<\/span><\/label><\/span><span class=\"wpcf7-list-item last\"><label><input type=\"checkbox\" name=\"product-type[]\" value=\"Autre\" \/><span class=\"wpcf7-list-item-label\">Other<\/span><\/label><\/span><\/span><\/span>\n\t\t\t<\/p>\n\t\t<\/div>\n\t<\/div>\n\t<div class=\"form-row\">\n\t\t<div class=\"form-column\">\n\t\t\t<p><label>Quantity<\/label><br \/>\n<span class=\"wpcf7-form-control-wrap\" data-name=\"estimated-quantity\"><input class=\"wpcf7-form-control wpcf7-number wpcf7-validates-as-number\" aria-invalid=\"false\" placeholder=\"Example: 100\" value=\"\" type=\"number\" name=\"estimated-quantity\" \/><\/span>\n\t\t\t<\/p>\n\t\t<\/div>\n\t\t<div class=\"form-column\">\n\t\t\t<p><label>Deadline<\/label><br \/>\n<span class=\"wpcf7-form-control-wrap\" data-name=\"desired-timeline\"><input size=\"40\" maxlength=\"400\" class=\"wpcf7-form-control wpcf7-text\" aria-invalid=\"false\" placeholder=\"Desired deadline\" value=\"\" type=\"text\" name=\"desired-timeline\" \/><\/span>\n\t\t\t<\/p>\n\t\t<\/div>\n\t<\/div>\n\t<div class=\"form-row full-width\">\n\t\t<p><label>Description of your requirement *<\/label><br \/>\n<span class=\"wpcf7-form-control-wrap\" data-name=\"need-description\"><textarea cols=\"40\" rows=\"10\" maxlength=\"2000\" class=\"wpcf7-form-control wpcf7-textarea wpcf7-validates-as-required\" aria-required=\"true\" aria-invalid=\"false\" placeholder=\"Describe your needs here...\" name=\"need-description\"><\/textarea><\/span>\n\t\t<\/p>\n\t<\/div>\n\t<div class=\"form-row full-width\">\n\t\t<p><label>Attach a file (optional)<\/label><br \/>\n<span class=\"wpcf7-form-control-wrap\" data-name=\"file-upload\"><input size=\"40\" class=\"wpcf7-form-control wpcf7-file\" accept=\"image\/*,.txt,application\/pdf\" aria-invalid=\"false\" type=\"file\" name=\"file-upload\" \/><\/span>\n\t\t<\/p>\n\t<\/div>\n\t<div class=\"form-row full-width\">\n\t\t<p><input class=\"wpcf7-form-control wpcf7-submit has-spinner\" type=\"submit\" value=\"Send\" \/>\n\t\t<\/p>\n\t<\/div>\n<\/div><div class=\"wpcf7-response-output\" aria-hidden=\"true\"><\/div>\n<input type=\"hidden\" name=\"trp-form-language\" value=\"en\"\/><\/form>\n<\/div>\n\t\t\t\t\t\t<\/div>\r\n\t\t\t\t\t\t<!-- End Comment Form -->\r\n\t\t\t\t\t\t\t\t\t\t\t<\/div>\r\n\t\t\t\t<\/div>\r\n\t\t\t\t<!-- Image Column -->\r\n                \t\t\t\t<div class=\"image-column col-lg-5 col-md-12 col-sm-12\">\r\n\t\t\t\t\t<div class=\"inner-column\">\r\n\t\t\t\t\t\t<div class=\"image wow fadeInRight\" data-wow-delay=\"0ms\" data-wow-duration=\"1500ms\">\r\n\t\t\t\t\t\t\t<img decoding=\"async\" src=\"https:\/\/bktrading-tunisie.com\/wp-content\/uploads\/2022\/12\/about-1-1.png\" alt=\"\" \/>\r\n\t\t\t\t\t\t<\/div>\r\n\t\t\t\t\t<\/div>\r\n\t\t\t\t<\/div>\r\n                \t\t\t<\/div>\r\n\t\t<\/div>\r\n\t<\/section>\r\n    \t\t\t\t<\/div>\n\t\t\t\t<\/div>\n\t\t\t\t\t<\/div>\n\t\t\t\t<\/div>\n\t\t\t\t<\/div>","protected":false},"excerpt":{"rendered":"<p>Demandez un Devis Demande d&#039;un Devis Besoin d\u2019une solution d\u2019emballage ou de fournitures industrielles ? Chez BK Trading, nous vous proposons des devis personnalis\u00e9s, rapides et adapt\u00e9s \u00e0 vos besoins professionnels. Remplissez le formulaire ci-dessous et notre \u00e9quipe vous r\u00e9pondra dans les plus brefs d\u00e9lais. Informations Client: Nom * Pr\u00e9nom * T\u00e9l\u00e9phone * Email professionnel [&hellip;]<\/p>\n","protected":false},"author":1,"featured_media":0,"parent":0,"menu_order":0,"comment_status":"closed","ping_status":"closed","template":"constim-template.php","meta":{"inline_featured_image":false,"footnotes":""},"class_list":["post-937","page","type-page","status-publish","hentry"],"yoast_head":"<!-- This site is optimized with the Yoast SEO Premium plugin v26.9 (Yoast SEO v27.6) - https:\/\/yoast.com\/product\/yoast-seo-premium-wordpress\/ -->\n<title>Devis &#8211; BK Trading<\/title>\n<meta name=\"robots\" content=\"index, follow, max-snippet:-1, max-image-preview:large, max-video-preview:-1\" \/>\n<link rel=\"canonical\" href=\"https:\/\/bktrading-tunisie.com\/en\/devis\/\" \/>\n<meta property=\"og:locale\" content=\"en_US\" \/>\n<meta property=\"og:type\" content=\"article\" \/>\n<meta property=\"og:title\" content=\"Devis\" \/>\n<meta property=\"og:description\" content=\"Demandez un Devis Demande d&#039;un Devis Besoin d\u2019une solution d\u2019emballage ou de fournitures industrielles ? Chez BK Trading, nous vous proposons des devis personnalis\u00e9s, rapides et adapt\u00e9s \u00e0 vos besoins professionnels. Remplissez le formulaire ci-dessous et notre \u00e9quipe vous r\u00e9pondra dans les plus brefs d\u00e9lais. Informations Client: Nom * Pr\u00e9nom * T\u00e9l\u00e9phone * Email professionnel [&hellip;]\" \/>\n<meta property=\"og:url\" content=\"https:\/\/bktrading-tunisie.com\/en\/devis\/\" \/>\n<meta property=\"og:site_name\" content=\"BK Trading\" \/>\n<meta property=\"article:modified_time\" content=\"2026-02-01T16:20:52+00:00\" \/>\n<meta property=\"og:image\" content=\"https:\/\/themexriver.com\/wp\/constim\/wp-content\/uploads\/2022\/12\/arrow-down.png\" \/>\n<meta name=\"twitter:card\" content=\"summary_large_image\" \/>\n<script type=\"application\/ld+json\" class=\"yoast-schema-graph\">{\"@context\":\"https:\\\/\\\/schema.org\",\"@graph\":[{\"@type\":\"WebPage\",\"@id\":\"https:\\\/\\\/bktrading-tunisie.com\\\/devis\\\/\",\"url\":\"https:\\\/\\\/bktrading-tunisie.com\\\/devis\\\/\",\"name\":\"Devis &#8211; BK Trading\",\"isPartOf\":{\"@id\":\"https:\\\/\\\/bktrading-tunisie.com\\\/#website\"},\"primaryImageOfPage\":{\"@id\":\"https:\\\/\\\/bktrading-tunisie.com\\\/devis\\\/#primaryimage\"},\"image\":{\"@id\":\"https:\\\/\\\/bktrading-tunisie.com\\\/devis\\\/#primaryimage\"},\"thumbnailUrl\":\"https:\\\/\\\/themexriver.com\\\/wp\\\/constim\\\/wp-content\\\/uploads\\\/2022\\\/12\\\/arrow-down.png\",\"datePublished\":\"2022-12-26T11:17:18+00:00\",\"dateModified\":\"2026-02-01T16:20:52+00:00\",\"breadcrumb\":{\"@id\":\"https:\\\/\\\/bktrading-tunisie.com\\\/devis\\\/#breadcrumb\"},\"inLanguage\":\"en-US\",\"potentialAction\":[{\"@type\":\"ReadAction\",\"target\":[\"https:\\\/\\\/bktrading-tunisie.com\\\/devis\\\/\"]}]},{\"@type\":\"ImageObject\",\"inLanguage\":\"en-US\",\"@id\":\"https:\\\/\\\/bktrading-tunisie.com\\\/devis\\\/#primaryimage\",\"url\":\"https:\\\/\\\/themexriver.com\\\/wp\\\/constim\\\/wp-content\\\/uploads\\\/2022\\\/12\\\/arrow-down.png\",\"contentUrl\":\"https:\\\/\\\/themexriver.com\\\/wp\\\/constim\\\/wp-content\\\/uploads\\\/2022\\\/12\\\/arrow-down.png\"},{\"@type\":\"BreadcrumbList\",\"@id\":\"https:\\\/\\\/bktrading-tunisie.com\\\/devis\\\/#breadcrumb\",\"itemListElement\":[{\"@type\":\"ListItem\",\"position\":1,\"name\":\"Home\",\"item\":\"https:\\\/\\\/bktrading-tunisie.com\\\/\"},{\"@type\":\"ListItem\",\"position\":2,\"name\":\"Devis\"}]},{\"@type\":\"WebSite\",\"@id\":\"https:\\\/\\\/bktrading-tunisie.com\\\/#website\",\"url\":\"https:\\\/\\\/bktrading-tunisie.com\\\/\",\"name\":\"BK Trading\",\"description\":\"Emballage &amp; Fournitures Industrielles\",\"publisher\":{\"@id\":\"https:\\\/\\\/bktrading-tunisie.com\\\/#organization\"},\"potentialAction\":[{\"@type\":\"SearchAction\",\"target\":{\"@type\":\"EntryPoint\",\"urlTemplate\":\"https:\\\/\\\/bktrading-tunisie.com\\\/?s={search_term_string}\"},\"query-input\":{\"@type\":\"PropertyValueSpecification\",\"valueRequired\":true,\"valueName\":\"search_term_string\"}}],\"inLanguage\":\"en-US\"},{\"@type\":\"Organization\",\"@id\":\"https:\\\/\\\/bktrading-tunisie.com\\\/#organization\",\"name\":\"BK Trading\",\"url\":\"https:\\\/\\\/bktrading-tunisie.com\\\/\",\"logo\":{\"@type\":\"ImageObject\",\"inLanguage\":\"en-US\",\"@id\":\"https:\\\/\\\/bktrading-tunisie.com\\\/#\\\/schema\\\/logo\\\/image\\\/\",\"url\":\"https:\\\/\\\/bktrading-tunisie.com\\\/wp-content\\\/uploads\\\/2026\\\/01\\\/cropped-Artboard-1-1.png\",\"contentUrl\":\"https:\\\/\\\/bktrading-tunisie.com\\\/wp-content\\\/uploads\\\/2026\\\/01\\\/cropped-Artboard-1-1.png\",\"width\":512,\"height\":512,\"caption\":\"BK Trading\"},\"image\":{\"@id\":\"https:\\\/\\\/bktrading-tunisie.com\\\/#\\\/schema\\\/logo\\\/image\\\/\"}}]}<\/script>\n<!-- \/ Yoast SEO Premium plugin. -->","yoast_head_json":{"title":"Devis &#8211; BK Trading","robots":{"index":"index","follow":"follow","max-snippet":"max-snippet:-1","max-image-preview":"max-image-preview:large","max-video-preview":"max-video-preview:-1"},"canonical":"https:\/\/bktrading-tunisie.com\/en\/devis\/","og_locale":"en_US","og_type":"article","og_title":"Devis","og_description":"Demandez un Devis Demande d&#039;un Devis Besoin d\u2019une solution d\u2019emballage ou de fournitures industrielles ? Chez BK Trading, nous vous proposons des devis personnalis\u00e9s, rapides et adapt\u00e9s \u00e0 vos besoins professionnels. Remplissez le formulaire ci-dessous et notre \u00e9quipe vous r\u00e9pondra dans les plus brefs d\u00e9lais. Informations Client: Nom * Pr\u00e9nom * T\u00e9l\u00e9phone * Email professionnel [&hellip;]","og_url":"https:\/\/bktrading-tunisie.com\/en\/devis\/","og_site_name":"BK Trading","article_modified_time":"2026-02-01T16:20:52+00:00","og_image":[{"url":"https:\/\/themexriver.com\/wp\/constim\/wp-content\/uploads\/2022\/12\/arrow-down.png","type":"","width":"","height":""}],"twitter_card":"summary_large_image","schema":{"@context":"https:\/\/schema.org","@graph":[{"@type":"WebPage","@id":"https:\/\/bktrading-tunisie.com\/devis\/","url":"https:\/\/bktrading-tunisie.com\/devis\/","name":"Devis &#8211; BK Trading","isPartOf":{"@id":"https:\/\/bktrading-tunisie.com\/#website"},"primaryImageOfPage":{"@id":"https:\/\/bktrading-tunisie.com\/devis\/#primaryimage"},"image":{"@id":"https:\/\/bktrading-tunisie.com\/devis\/#primaryimage"},"thumbnailUrl":"https:\/\/themexriver.com\/wp\/constim\/wp-content\/uploads\/2022\/12\/arrow-down.png","datePublished":"2022-12-26T11:17:18+00:00","dateModified":"2026-02-01T16:20:52+00:00","breadcrumb":{"@id":"https:\/\/bktrading-tunisie.com\/devis\/#breadcrumb"},"inLanguage":"en-US","potentialAction":[{"@type":"ReadAction","target":["https:\/\/bktrading-tunisie.com\/devis\/"]}]},{"@type":"ImageObject","inLanguage":"en-US","@id":"https:\/\/bktrading-tunisie.com\/devis\/#primaryimage","url":"https:\/\/themexriver.com\/wp\/constim\/wp-content\/uploads\/2022\/12\/arrow-down.png","contentUrl":"https:\/\/themexriver.com\/wp\/constim\/wp-content\/uploads\/2022\/12\/arrow-down.png"},{"@type":"BreadcrumbList","@id":"https:\/\/bktrading-tunisie.com\/devis\/#breadcrumb","itemListElement":[{"@type":"ListItem","position":1,"name":"Home","item":"https:\/\/bktrading-tunisie.com\/"},{"@type":"ListItem","position":2,"name":"Devis"}]},{"@type":"WebSite","@id":"https:\/\/bktrading-tunisie.com\/#website","url":"https:\/\/bktrading-tunisie.com\/","name":"BK Trading","description":"Emballage &amp; Fournitures Industrielles","publisher":{"@id":"https:\/\/bktrading-tunisie.com\/#organization"},"potentialAction":[{"@type":"SearchAction","target":{"@type":"EntryPoint","urlTemplate":"https:\/\/bktrading-tunisie.com\/?s={search_term_string}"},"query-input":{"@type":"PropertyValueSpecification","valueRequired":true,"valueName":"search_term_string"}}],"inLanguage":"en-US"},{"@type":"Organization","@id":"https:\/\/bktrading-tunisie.com\/#organization","name":"BK Trading","url":"https:\/\/bktrading-tunisie.com\/","logo":{"@type":"ImageObject","inLanguage":"en-US","@id":"https:\/\/bktrading-tunisie.com\/#\/schema\/logo\/image\/","url":"https:\/\/bktrading-tunisie.com\/wp-content\/uploads\/2026\/01\/cropped-Artboard-1-1.png","contentUrl":"https:\/\/bktrading-tunisie.com\/wp-content\/uploads\/2026\/01\/cropped-Artboard-1-1.png","width":512,"height":512,"caption":"BK Trading"},"image":{"@id":"https:\/\/bktrading-tunisie.com\/#\/schema\/logo\/image\/"}}]}},"_hostinger_reach_plugin_has_subscription_block":false,"_hostinger_reach_plugin_is_elementor":false,"_links":{"self":[{"href":"https:\/\/bktrading-tunisie.com\/en\/wp-json\/wp\/v2\/pages\/937","targetHints":{"allow":["GET"]}}],"collection":[{"href":"https:\/\/bktrading-tunisie.com\/en\/wp-json\/wp\/v2\/pages"}],"about":[{"href":"https:\/\/bktrading-tunisie.com\/en\/wp-json\/wp\/v2\/types\/page"}],"author":[{"embeddable":true,"href":"https:\/\/bktrading-tunisie.com\/en\/wp-json\/wp\/v2\/users\/1"}],"replies":[{"embeddable":true,"href":"https:\/\/bktrading-tunisie.com\/en\/wp-json\/wp\/v2\/comments?post=937"}],"version-history":[{"count":45,"href":"https:\/\/bktrading-tunisie.com\/en\/wp-json\/wp\/v2\/pages\/937\/revisions"}],"predecessor-version":[{"id":2203,"href":"https:\/\/bktrading-tunisie.com\/en\/wp-json\/wp\/v2\/pages\/937\/revisions\/2203"}],"wp:attachment":[{"href":"https:\/\/bktrading-tunisie.com\/en\/wp-json\/wp\/v2\/media?parent=937"}],"curies":[{"name":"wp","href":"https:\/\/api.w.org\/{rel}","templated":true}]}}