{"id":62,"date":"2022-12-18T09:02:40","date_gmt":"2022-12-18T09:02:40","guid":{"rendered":"https:\/\/themexriver.com\/wp\/constim\/?page_id=62"},"modified":"2026-02-18T17:13:56","modified_gmt":"2026-02-18T16:13:56","slug":"a-propos","status":"publish","type":"page","link":"https:\/\/bktrading-tunisie.com\/en\/a-propos\/","title":{"rendered":"About us"},"content":{"rendered":"<div data-elementor-type=\"wp-page\" data-elementor-id=\"62\" class=\"elementor elementor-62\" data-elementor-post-type=\"page\">\n\t\t\t\t\t\t<section class=\"elementor-section elementor-top-section elementor-element elementor-element-3d46cd5 elementor-section-full_width page-title elementor-section-height-default elementor-section-height-default\" data-id=\"3d46cd5\" data-element_type=\"section\" data-e-type=\"section\" data-settings=\"{&quot;background_background&quot;:&quot;gradient&quot;}\">\n\t\t\t\t\t\t<div class=\"elementor-container elementor-column-gap-no\">\n\t\t\t\t\t<div class=\"elementor-column elementor-col-100 elementor-top-column elementor-element elementor-element-7382d60\" data-id=\"7382d60\" data-element_type=\"column\" data-e-type=\"column\">\n\t\t\t<div class=\"elementor-widget-wrap elementor-element-populated\">\n\t\t\t\t\t\t<div class=\"elementor-element elementor-element-dbcd659 elementor-widget elementor-widget-heading\" data-id=\"dbcd659\" data-element_type=\"widget\" data-e-type=\"widget\" data-widget_type=\"heading.default\">\n\t\t\t\t\t<h1 class=\"elementor-heading-title elementor-size-default\">About Us<\/h1>\t\t\t\t<\/div>\n\t\t\t\t\t<\/div>\n\t\t<\/div>\n\t\t\t\t\t<\/div>\n\t\t<\/section>\n\t\t\t\t<section class=\"elementor-section elementor-top-section elementor-element elementor-element-96e767b elementor-section-full_width elementor-section-height-default elementor-section-height-default\" data-id=\"96e767b\" data-element_type=\"section\" data-e-type=\"section\" data-settings=\"{&quot;background_background&quot;:&quot;classic&quot;}\">\n\t\t\t\t\t\t<div class=\"elementor-container elementor-column-gap-default\">\n\t\t\t\t\t<div class=\"elementor-column elementor-col-100 elementor-top-column elementor-element elementor-element-b921af0\" data-id=\"b921af0\" data-element_type=\"column\" data-e-type=\"column\">\n\t\t\t<div class=\"elementor-widget-wrap elementor-element-populated\">\n\t\t\t\t\t\t<div class=\"elementor-element elementor-element-b5e4c2a elementor-widget elementor-widget-hos-about-info-id\" data-id=\"b5e4c2a\" data-element_type=\"widget\" data-e-type=\"widget\" data-widget_type=\"hos-about-info-id.default\">\n\t\t\t\t<div class=\"elementor-widget-container\">\n\t\t\t\t\t    <section class=\"management-section\" style=\"background-image: url(https:\/\/themexriver.com\/wp\/constim\/wp-content\/uploads\/2022\/12\/pattern-1.png)\">\r\n\t\t<div class=\"auto-container\">\r\n\t\t\t<div class=\"row clearfix align-items-center\">\r\n\t\t\t\t<!-- Image Column -->\r\n\t\t\t\t<div class=\"image-column col-lg-6 col-md-12 col-sm-12\">\r\n\t\t\t\t\t<div class=\"inner-column\">\r\n\t\t\t\t\t\t<div class=\"image wow fadeInLeft\" data-wow-delay=\"0ms\" data-wow-duration=\"1500ms\">\r\n\t\t\t\t\t\t\t<img decoding=\"async\" src=\"https:\/\/themexriver.com\/wp\/constim\/wp-content\/uploads\/2022\/12\/management.png\" alt=\"\" \/>\r\n\t\t\t\t\t\t<\/div>\r\n\t\t\t\t\t<\/div>\r\n\t\t\t\t<\/div>\r\n\t\t\t\t<!-- Content Column -->\r\n\t\t\t\t<div class=\"content-column col-lg-6 col-md-12 col-sm-12\">\r\n\t\t\t\t\t<div class=\"inner-column\">\r\n\t\t\t\t\t\t\t\t\t\t\t\t\t<h2>Why choose <br> BK Trading ?<\/h2>\r\n\t\t\t\t\t\t\t\t\t\t\t\t<div class=\"text\">We offer a wide range of high-quality packaging products and industrial supplies designed to improve the efficiency, safety, and performance of logistics and industrial operations.<\/div>\r\n\t\t\t\t\t\t<div class=\"row clearfix\">\r\n\r\n\t\t\t\t\t\t\t<!-- Counter Column -->\r\n\t\t\t\t\t\t\t\t\t\t\t\t\t\t<div class=\"counter-block col-lg-5 col-md-6 col-sm-12\">\r\n\t\t\t\t\t\t\t\t<div class=\"inner-box title-anim\">\r\n\t\t\t\t\t\t\t\t\t<div class=\"counter\">+<span class=\"odometer\" data-count=\"5\"><\/span><\/div>\r\n\t\t\t\t\t\t\t\t\t<h6> Years of experience<\/h6>\r\n\t\t\t\t\t\t\t\t<\/div>\r\n\t\t\t\t\t\t\t<\/div>\r\n\t\t\t\t\t\t\t\t\t\t\t\t\t\t<div class=\"counter-block col-lg-5 col-md-6 col-sm-12\">\r\n\t\t\t\t\t\t\t\t<div class=\"inner-box title-anim\">\r\n\t\t\t\t\t\t\t\t\t<div class=\"counter\">+<span class=\"odometer\" data-count=\"50\"><\/span><\/div>\r\n\t\t\t\t\t\t\t\t\t<h6>Daily Customers<\/h6>\r\n\t\t\t\t\t\t\t\t<\/div>\r\n\t\t\t\t\t\t\t<\/div>\r\n\t\t\t\t\t\t\t\t\t\t\t\t\t<\/div>\r\n\t\t\t\t\t\t\t\t\t\t\t\t<div class=\"options\">\r\n\t\t\t\t\t\t\t<ul><li><b>Professional expertise<\/b><\/li><li><b>Quality and reliability<\/b><\/li><li><b>Responsiveness and availability<\/b><\/li><li><b>Trusted partner in Tunisia<\/b><\/li><li><b>Competitive solutions<\/b><\/li><\/ul>\t\t\t\t\t\t<\/div>\r\n\t\t\t\t\t\t\t\t\t\t\t\t<!-- Lower Box -->\r\n\t\t\t\t\t\t<div class=\"lower-box d-flex align-items-center\">\r\n\t\t\t\t\t\t\t<ul class=\"member-list d-flex\">\r\n\t\t\t\t\t\t\t\t\r\n\t\t\t\t\t\t\t\t\t\t\t\t\t\t\t\t\t<li class=\"title-anim\">25+ <span>MEMBERS<\/span><\/li>\r\n\t\t\t\t\t\t\t\t\r\n\t\t\t\t\t\t\t\t\t\t\t\t\t\t\t\t\t<li class=\"title-anim\"><a href=\"\/en\/a-propos\/\"><i class=\"fa fa-angle-right\"><\/i> <span>EXPLORE MORE<\/span><\/a><\/li>\r\n\t\t\t\t\t\t\t\t\r\n\t\t\t\t\t\t\t<\/ul>\r\n\t\t\t\t\t\t\t\t\t\t\t\t\t\t\t<div class=\"signature title-anim\"><img decoding=\"async\" src=\"https:\/\/themexriver.com\/wp\/constim\/wp-content\/uploads\/2022\/12\/signature.png\" alt=\"\" \/><\/div>\r\n\t\t\t\t\t\t\t\t\t\t\t\t\t<\/div>\r\n\t\t\t\t\t\t\r\n\t\t\t\t\t<\/div>\r\n\t\t\t\t<\/div>\r\n\t\t\t<\/div>\r\n\t\t<\/div>\r\n\t<\/section>\r\n    \t\t\t\t<\/div>\n\t\t\t\t<\/div>\n\t\t\t\t\t<\/div>\n\t\t<\/div>\n\t\t\t\t\t<\/div>\n\t\t<\/section>\n\t\t\t\t<\/div>","protected":false},"excerpt":{"rendered":"<p>\u00c0 Propos De Nous Pourquoi choisir BK Trading ? Nous mettons \u00e0 disposition une large gamme de produits d\u2019emballage et de fournitures industrielles de qualit\u00e9, con\u00e7us pour am\u00e9liorer l\u2019efficacit\u00e9, la s\u00e9curit\u00e9 et la performance des op\u00e9rations logistiques et industrielles. + Ann\u00e9es d&#039;Exp\u00e9rience + Client Quotidien Expertise professionnelle Qualit\u00e9 et fiabilit\u00e9 R\u00e9activit\u00e9 et disponibilit\u00e9 Partenaire de [&hellip;]<\/p>\n","protected":false},"author":1,"featured_media":0,"parent":0,"menu_order":0,"comment_status":"closed","ping_status":"closed","template":"constim-template.php","meta":{"inline_featured_image":false,"footnotes":""},"class_list":["post-62","page","type-page","status-publish","hentry"],"yoast_head":"<!-- This site is optimized with the Yoast SEO Premium plugin v26.9 (Yoast SEO v27.6) - https:\/\/yoast.com\/product\/yoast-seo-premium-wordpress\/ -->\n<title>\u00c0 Propos &#8211; BK Trading<\/title>\n<meta name=\"robots\" content=\"index, follow, max-snippet:-1, max-image-preview:large, max-video-preview:-1\" \/>\n<link rel=\"canonical\" href=\"https:\/\/bktrading-tunisie.com\/en\/a-propos\/\" \/>\n<meta property=\"og:locale\" content=\"en_US\" \/>\n<meta property=\"og:type\" content=\"article\" \/>\n<meta property=\"og:title\" content=\"\u00c0 Propos\" \/>\n<meta property=\"og:description\" content=\"\u00c0 Propos De Nous Pourquoi choisir BK Trading ? Nous mettons \u00e0 disposition une large gamme de produits d\u2019emballage et de fournitures industrielles de qualit\u00e9, con\u00e7us pour am\u00e9liorer l\u2019efficacit\u00e9, la s\u00e9curit\u00e9 et la performance des op\u00e9rations logistiques et industrielles. + Ann\u00e9es d&#039;Exp\u00e9rience + Client Quotidien Expertise professionnelle Qualit\u00e9 et fiabilit\u00e9 R\u00e9activit\u00e9 et disponibilit\u00e9 Partenaire de [&hellip;]\" \/>\n<meta property=\"og:url\" content=\"https:\/\/bktrading-tunisie.com\/en\/a-propos\/\" \/>\n<meta property=\"og:site_name\" content=\"BK Trading\" \/>\n<meta property=\"article:modified_time\" content=\"2026-02-18T16:13:56+00:00\" \/>\n<meta property=\"og:image\" content=\"https:\/\/themexriver.com\/wp\/constim\/wp-content\/uploads\/2022\/12\/management.png\" \/>\n<meta name=\"twitter:card\" content=\"summary_large_image\" \/>\n<meta name=\"twitter:label1\" content=\"Est. reading time\" \/>\n\t<meta name=\"twitter:data1\" content=\"1 minute\" \/>\n<script type=\"application\/ld+json\" class=\"yoast-schema-graph\">{\"@context\":\"https:\\\/\\\/schema.org\",\"@graph\":[{\"@type\":\"WebPage\",\"@id\":\"https:\\\/\\\/bktrading-tunisie.com\\\/a-propos\\\/\",\"url\":\"https:\\\/\\\/bktrading-tunisie.com\\\/a-propos\\\/\",\"name\":\"\u00c0 Propos &#8211; BK Trading\",\"isPartOf\":{\"@id\":\"https:\\\/\\\/bktrading-tunisie.com\\\/#website\"},\"primaryImageOfPage\":{\"@id\":\"https:\\\/\\\/bktrading-tunisie.com\\\/a-propos\\\/#primaryimage\"},\"image\":{\"@id\":\"https:\\\/\\\/bktrading-tunisie.com\\\/a-propos\\\/#primaryimage\"},\"thumbnailUrl\":\"https:\\\/\\\/themexriver.com\\\/wp\\\/constim\\\/wp-content\\\/uploads\\\/2022\\\/12\\\/management.png\",\"datePublished\":\"2022-12-18T09:02:40+00:00\",\"dateModified\":\"2026-02-18T16:13:56+00:00\",\"breadcrumb\":{\"@id\":\"https:\\\/\\\/bktrading-tunisie.com\\\/a-propos\\\/#breadcrumb\"},\"inLanguage\":\"en-US\",\"potentialAction\":[{\"@type\":\"ReadAction\",\"target\":[\"https:\\\/\\\/bktrading-tunisie.com\\\/a-propos\\\/\"]}]},{\"@type\":\"ImageObject\",\"inLanguage\":\"en-US\",\"@id\":\"https:\\\/\\\/bktrading-tunisie.com\\\/a-propos\\\/#primaryimage\",\"url\":\"https:\\\/\\\/themexriver.com\\\/wp\\\/constim\\\/wp-content\\\/uploads\\\/2022\\\/12\\\/management.png\",\"contentUrl\":\"https:\\\/\\\/themexriver.com\\\/wp\\\/constim\\\/wp-content\\\/uploads\\\/2022\\\/12\\\/management.png\"},{\"@type\":\"BreadcrumbList\",\"@id\":\"https:\\\/\\\/bktrading-tunisie.com\\\/a-propos\\\/#breadcrumb\",\"itemListElement\":[{\"@type\":\"ListItem\",\"position\":1,\"name\":\"Home\",\"item\":\"https:\\\/\\\/bktrading-tunisie.com\\\/\"},{\"@type\":\"ListItem\",\"position\":2,\"name\":\"\u00c0 Propos\"}]},{\"@type\":\"WebSite\",\"@id\":\"https:\\\/\\\/bktrading-tunisie.com\\\/#website\",\"url\":\"https:\\\/\\\/bktrading-tunisie.com\\\/\",\"name\":\"BK Trading\",\"description\":\"Emballage &amp; Fournitures Industrielles\",\"publisher\":{\"@id\":\"https:\\\/\\\/bktrading-tunisie.com\\\/#organization\"},\"potentialAction\":[{\"@type\":\"SearchAction\",\"target\":{\"@type\":\"EntryPoint\",\"urlTemplate\":\"https:\\\/\\\/bktrading-tunisie.com\\\/?s={search_term_string}\"},\"query-input\":{\"@type\":\"PropertyValueSpecification\",\"valueRequired\":true,\"valueName\":\"search_term_string\"}}],\"inLanguage\":\"en-US\"},{\"@type\":\"Organization\",\"@id\":\"https:\\\/\\\/bktrading-tunisie.com\\\/#organization\",\"name\":\"BK Trading\",\"url\":\"https:\\\/\\\/bktrading-tunisie.com\\\/\",\"logo\":{\"@type\":\"ImageObject\",\"inLanguage\":\"en-US\",\"@id\":\"https:\\\/\\\/bktrading-tunisie.com\\\/#\\\/schema\\\/logo\\\/image\\\/\",\"url\":\"https:\\\/\\\/bktrading-tunisie.com\\\/wp-content\\\/uploads\\\/2026\\\/01\\\/cropped-Artboard-1-1.png\",\"contentUrl\":\"https:\\\/\\\/bktrading-tunisie.com\\\/wp-content\\\/uploads\\\/2026\\\/01\\\/cropped-Artboard-1-1.png\",\"width\":512,\"height\":512,\"caption\":\"BK Trading\"},\"image\":{\"@id\":\"https:\\\/\\\/bktrading-tunisie.com\\\/#\\\/schema\\\/logo\\\/image\\\/\"}}]}<\/script>\n<!-- \/ Yoast SEO Premium plugin. -->","yoast_head_json":{"title":"\u00c0 Propos &#8211; BK Trading","robots":{"index":"index","follow":"follow","max-snippet":"max-snippet:-1","max-image-preview":"max-image-preview:large","max-video-preview":"max-video-preview:-1"},"canonical":"https:\/\/bktrading-tunisie.com\/en\/a-propos\/","og_locale":"en_US","og_type":"article","og_title":"\u00c0 Propos","og_description":"\u00c0 Propos De Nous Pourquoi choisir BK Trading ? Nous mettons \u00e0 disposition une large gamme de produits d\u2019emballage et de fournitures industrielles de qualit\u00e9, con\u00e7us pour am\u00e9liorer l\u2019efficacit\u00e9, la s\u00e9curit\u00e9 et la performance des op\u00e9rations logistiques et industrielles. + Ann\u00e9es d&#039;Exp\u00e9rience + Client Quotidien Expertise professionnelle Qualit\u00e9 et fiabilit\u00e9 R\u00e9activit\u00e9 et disponibilit\u00e9 Partenaire de [&hellip;]","og_url":"https:\/\/bktrading-tunisie.com\/en\/a-propos\/","og_site_name":"BK Trading","article_modified_time":"2026-02-18T16:13:56+00:00","og_image":[{"url":"https:\/\/themexriver.com\/wp\/constim\/wp-content\/uploads\/2022\/12\/management.png","type":"","width":"","height":""}],"twitter_card":"summary_large_image","twitter_misc":{"Est. reading time":"1 minute"},"schema":{"@context":"https:\/\/schema.org","@graph":[{"@type":"WebPage","@id":"https:\/\/bktrading-tunisie.com\/a-propos\/","url":"https:\/\/bktrading-tunisie.com\/a-propos\/","name":"\u00c0 Propos &#8211; BK Trading","isPartOf":{"@id":"https:\/\/bktrading-tunisie.com\/#website"},"primaryImageOfPage":{"@id":"https:\/\/bktrading-tunisie.com\/a-propos\/#primaryimage"},"image":{"@id":"https:\/\/bktrading-tunisie.com\/a-propos\/#primaryimage"},"thumbnailUrl":"https:\/\/themexriver.com\/wp\/constim\/wp-content\/uploads\/2022\/12\/management.png","datePublished":"2022-12-18T09:02:40+00:00","dateModified":"2026-02-18T16:13:56+00:00","breadcrumb":{"@id":"https:\/\/bktrading-tunisie.com\/a-propos\/#breadcrumb"},"inLanguage":"en-US","potentialAction":[{"@type":"ReadAction","target":["https:\/\/bktrading-tunisie.com\/a-propos\/"]}]},{"@type":"ImageObject","inLanguage":"en-US","@id":"https:\/\/bktrading-tunisie.com\/a-propos\/#primaryimage","url":"https:\/\/themexriver.com\/wp\/constim\/wp-content\/uploads\/2022\/12\/management.png","contentUrl":"https:\/\/themexriver.com\/wp\/constim\/wp-content\/uploads\/2022\/12\/management.png"},{"@type":"BreadcrumbList","@id":"https:\/\/bktrading-tunisie.com\/a-propos\/#breadcrumb","itemListElement":[{"@type":"ListItem","position":1,"name":"Home","item":"https:\/\/bktrading-tunisie.com\/"},{"@type":"ListItem","position":2,"name":"\u00c0 Propos"}]},{"@type":"WebSite","@id":"https:\/\/bktrading-tunisie.com\/#website","url":"https:\/\/bktrading-tunisie.com\/","name":"BK Trading","description":"Emballage &amp; Fournitures Industrielles","publisher":{"@id":"https:\/\/bktrading-tunisie.com\/#organization"},"potentialAction":[{"@type":"SearchAction","target":{"@type":"EntryPoint","urlTemplate":"https:\/\/bktrading-tunisie.com\/?s={search_term_string}"},"query-input":{"@type":"PropertyValueSpecification","valueRequired":true,"valueName":"search_term_string"}}],"inLanguage":"en-US"},{"@type":"Organization","@id":"https:\/\/bktrading-tunisie.com\/#organization","name":"BK Trading","url":"https:\/\/bktrading-tunisie.com\/","logo":{"@type":"ImageObject","inLanguage":"en-US","@id":"https:\/\/bktrading-tunisie.com\/#\/schema\/logo\/image\/","url":"https:\/\/bktrading-tunisie.com\/wp-content\/uploads\/2026\/01\/cropped-Artboard-1-1.png","contentUrl":"https:\/\/bktrading-tunisie.com\/wp-content\/uploads\/2026\/01\/cropped-Artboard-1-1.png","width":512,"height":512,"caption":"BK Trading"},"image":{"@id":"https:\/\/bktrading-tunisie.com\/#\/schema\/logo\/image\/"}}]}},"_hostinger_reach_plugin_has_subscription_block":false,"_hostinger_reach_plugin_is_elementor":false,"_links":{"self":[{"href":"https:\/\/bktrading-tunisie.com\/en\/wp-json\/wp\/v2\/pages\/62","targetHints":{"allow":["GET"]}}],"collection":[{"href":"https:\/\/bktrading-tunisie.com\/en\/wp-json\/wp\/v2\/pages"}],"about":[{"href":"https:\/\/bktrading-tunisie.com\/en\/wp-json\/wp\/v2\/types\/page"}],"author":[{"embeddable":true,"href":"https:\/\/bktrading-tunisie.com\/en\/wp-json\/wp\/v2\/users\/1"}],"replies":[{"embeddable":true,"href":"https:\/\/bktrading-tunisie.com\/en\/wp-json\/wp\/v2\/comments?post=62"}],"version-history":[{"count":41,"href":"https:\/\/bktrading-tunisie.com\/en\/wp-json\/wp\/v2\/pages\/62\/revisions"}],"predecessor-version":[{"id":2621,"href":"https:\/\/bktrading-tunisie.com\/en\/wp-json\/wp\/v2\/pages\/62\/revisions\/2621"}],"wp:attachment":[{"href":"https:\/\/bktrading-tunisie.com\/en\/wp-json\/wp\/v2\/media?parent=62"}],"curies":[{"name":"wp","href":"https:\/\/api.w.org\/{rel}","templated":true}]}}