{"id":452,"date":"2022-12-21T05:41:02","date_gmt":"2022-12-21T05:41:02","guid":{"rendered":"https:\/\/themexriver.com\/wp\/constim\/?page_id=452"},"modified":"2026-02-12T12:42:17","modified_gmt":"2026-02-12T11:42:17","slug":"services","status":"publish","type":"page","link":"https:\/\/bktrading-tunisie.com\/en\/services\/","title":{"rendered":"Services"},"content":{"rendered":"<div data-elementor-type=\"wp-page\" data-elementor-id=\"452\" class=\"elementor elementor-452\" data-elementor-post-type=\"page\">\n\t\t\t\t\t\t<section class=\"elementor-section elementor-top-section elementor-element elementor-element-d21a3a6 elementor-section-full_width page-title elementor-section-height-default elementor-section-height-default\" data-id=\"d21a3a6\" data-element_type=\"section\" data-e-type=\"section\" data-settings=\"{&quot;background_background&quot;:&quot;gradient&quot;}\">\n\t\t\t\t\t\t<div class=\"elementor-container elementor-column-gap-no\">\n\t\t\t\t\t<div class=\"elementor-column elementor-col-100 elementor-top-column elementor-element elementor-element-9b2baa4\" data-id=\"9b2baa4\" data-element_type=\"column\" data-e-type=\"column\">\n\t\t\t<div class=\"elementor-widget-wrap elementor-element-populated\">\n\t\t\t\t\t\t<div class=\"elementor-element elementor-element-d94a15b elementor-widget elementor-widget-heading\" data-id=\"d94a15b\" data-element_type=\"widget\" data-e-type=\"widget\" data-widget_type=\"heading.default\">\n\t\t\t\t\t<h1 class=\"elementor-heading-title elementor-size-default\">Nos Services<\/h1>\t\t\t\t<\/div>\n\t\t\t\t\t<\/div>\n\t\t<\/div>\n\t\t\t\t\t<\/div>\n\t\t<\/section>\n\t\t\t\t<section class=\"elementor-section elementor-top-section elementor-element elementor-element-5813903 elementor-section-full_width elementor-section-height-default elementor-section-height-default\" data-id=\"5813903\" data-element_type=\"section\" data-e-type=\"section\">\n\t\t\t\t\t\t<div class=\"elementor-container elementor-column-gap-no\">\n\t\t\t\t\t<div class=\"elementor-column elementor-col-100 elementor-top-column elementor-element elementor-element-c9820bc\" data-id=\"c9820bc\" data-element_type=\"column\" data-e-type=\"column\">\n\t\t\t<div class=\"elementor-widget-wrap elementor-element-populated\">\n\t\t\t\t\t\t<div class=\"elementor-element elementor-element-c85826b elementor-widget elementor-widget-hos-services-3-id\" data-id=\"c85826b\" data-element_type=\"widget\" data-e-type=\"widget\" data-widget_type=\"hos-services-3-id.default\">\n\t\t\t\t<div class=\"elementor-widget-container\">\n\t\t\t\t\t    <section class=\"solution-section-two\">\r\n\t\t<div class=\"auto-container\">\r\n\t\t\t<!-- Sec Title -->\r\n\t\t\t<div class=\"sec-title\">\r\n                <div class=\"d-flex justify-content-between align-items-center\">\r\n                    <!-- Left Box -->\r\n                    <div class=\"left-box\">\r\n                                                    <div class=\"big-title\"> Provision of services<\/div>\r\n                                                                            <h2> Fournir des <span>solutions<\/span><\/h2>\r\n                                                                    <\/div>\r\n                    <!-- Right Box -->\r\n                    <div class=\"right-box\">\r\n                        <div class=\"text\">BK Trading fournit une gamme compl\u00e8te de services pour la construction de <br>\nmaisons priv\u00e9es et chalets depuis 2018<\/div>\r\n                    <\/div>\r\n                <\/div>\r\n            <\/div>\r\n\t\t\t<div class=\"inner-container\">\r\n\t\t\t\t<div class=\"clearfix\">\r\n\t\t\t\t\t\r\n\t\t\t\t\t<!-- Service Block -->\r\n                    \t\t\t\t\t<div class=\"service-block_four col-lg-4 col-md-6 col-sm-12\">\r\n\t\t\t\t\t\t<div class=\"service-four_inner-box\">\r\n\t\t\t\t\t\t\t<div class=\"service-four_icon\">\r\n\t\t\t\t\t\t\t\t<img fetchpriority=\"high\" decoding=\"async\" width=\"256\" height=\"256\" src=\"https:\/\/bktrading-tunisie.com\/wp-content\/uploads\/2026\/02\/settings-cogwheel-svgrepo-com.png\" class=\"attachment-full size-full wp-image-2340\" alt=\"\" srcset=\"https:\/\/bktrading-tunisie.com\/wp-content\/uploads\/2026\/02\/settings-cogwheel-svgrepo-com.png 256w, https:\/\/bktrading-tunisie.com\/wp-content\/uploads\/2026\/02\/settings-cogwheel-svgrepo-com-150x150.png 150w\" sizes=\"(max-width: 256px) 100vw, 256px\" \/>\t\t\t\t\t\t\t<\/div>\r\n                            \t\t\t\t\t\t\t    <div class=\"service-four_title\">01<\/div>\r\n                                                        \t\t\t\t\t\t\t    <h4 class=\"service-four_heading\"><a href=\"\/en\/service\/personnalisation\/\">Customization<\/a><\/h4>\r\n                            \t\t\t\t\t\t<\/div>\r\n\t\t\t\t\t<\/div>\r\n\t\t\t\t\t\t\t\t\t\t<div class=\"service-block_four col-lg-4 col-md-6 col-sm-12\">\r\n\t\t\t\t\t\t<div class=\"service-four_inner-box\">\r\n\t\t\t\t\t\t\t<div class=\"service-four_icon\">\r\n\t\t\t\t\t\t\t\t<img decoding=\"async\" width=\"256\" height=\"256\" src=\"https:\/\/bktrading-tunisie.com\/wp-content\/uploads\/2026\/02\/design-svgrepo-com.png\" class=\"attachment-full size-full wp-image-2335\" alt=\"\" srcset=\"https:\/\/bktrading-tunisie.com\/wp-content\/uploads\/2026\/02\/design-svgrepo-com.png 256w, https:\/\/bktrading-tunisie.com\/wp-content\/uploads\/2026\/02\/design-svgrepo-com-150x150.png 150w\" sizes=\"(max-width: 256px) 100vw, 256px\" \/>\t\t\t\t\t\t\t<\/div>\r\n                            \t\t\t\t\t\t\t    <div class=\"service-four_title\">02<\/div>\r\n                                                        \t\t\t\t\t\t\t    <h4 class=\"service-four_heading\"><a href=\"\/en\/service\/conception-et-design\/\">Concept and Design<\/a><\/h4>\r\n                            \t\t\t\t\t\t<\/div>\r\n\t\t\t\t\t<\/div>\r\n\t\t\t\t\t\t\t\t\t\t<div class=\"service-block_four col-lg-4 col-md-6 col-sm-12\">\r\n\t\t\t\t\t\t<div class=\"service-four_inner-box\">\r\n\t\t\t\t\t\t\t<div class=\"service-four_icon\">\r\n\t\t\t\t\t\t\t\t<img decoding=\"async\" width=\"256\" height=\"256\" src=\"https:\/\/bktrading-tunisie.com\/wp-content\/uploads\/2026\/02\/geogebra-svgrepo-com.png\" class=\"attachment-full size-full wp-image-2338\" alt=\"\" srcset=\"https:\/\/bktrading-tunisie.com\/wp-content\/uploads\/2026\/02\/geogebra-svgrepo-com.png 256w, https:\/\/bktrading-tunisie.com\/wp-content\/uploads\/2026\/02\/geogebra-svgrepo-com-150x150.png 150w\" sizes=\"(max-width: 256px) 100vw, 256px\" \/>\t\t\t\t\t\t\t<\/div>\r\n                            \t\t\t\t\t\t\t    <div class=\"service-four_title\">03<\/div>\r\n                                                        \t\t\t\t\t\t\t    <h4 class=\"service-four_heading\"><a href=\"\/en\/service\/prototypage-rapide\/\">Fast Prototyping<\/a><\/h4>\r\n                            \t\t\t\t\t\t<\/div>\r\n\t\t\t\t\t<\/div>\r\n\t\t\t\t\t\t\t\t\t\t<div class=\"service-block_four col-lg-4 col-md-6 col-sm-12\">\r\n\t\t\t\t\t\t<div class=\"service-four_inner-box\">\r\n\t\t\t\t\t\t\t<div class=\"service-four_icon\">\r\n\t\t\t\t\t\t\t\t<img loading=\"lazy\" decoding=\"async\" width=\"256\" height=\"256\" src=\"https:\/\/bktrading-tunisie.com\/wp-content\/uploads\/2026\/02\/package-delivery-box-8-svgrepo-com.png\" class=\"attachment-full size-full wp-image-2339\" alt=\"\" srcset=\"https:\/\/bktrading-tunisie.com\/wp-content\/uploads\/2026\/02\/package-delivery-box-8-svgrepo-com.png 256w, https:\/\/bktrading-tunisie.com\/wp-content\/uploads\/2026\/02\/package-delivery-box-8-svgrepo-com-150x150.png 150w\" sizes=\"(max-width: 256px) 100vw, 256px\" \/>\t\t\t\t\t\t\t<\/div>\r\n                            \t\t\t\t\t\t\t    <div class=\"service-four_title\">04<\/div>\r\n                                                        \t\t\t\t\t\t\t    <h4 class=\"service-four_heading\"><a href=\"\/en\/service\/smart-packaging\/\">Smart Packaging<\/a><\/h4>\r\n                            \t\t\t\t\t\t<\/div>\r\n\t\t\t\t\t<\/div>\r\n\t\t\t\t\t\t\t\t\t\t<div class=\"service-block_four col-lg-4 col-md-6 col-sm-12\">\r\n\t\t\t\t\t\t<div class=\"service-four_inner-box\">\r\n\t\t\t\t\t\t\t<div class=\"service-four_icon\">\r\n\t\t\t\t\t\t\t\t<img loading=\"lazy\" decoding=\"async\" width=\"256\" height=\"256\" src=\"https:\/\/bktrading-tunisie.com\/wp-content\/uploads\/2026\/02\/factory-svgrepo-com.png\" class=\"attachment-full size-full wp-image-2337\" alt=\"\" srcset=\"https:\/\/bktrading-tunisie.com\/wp-content\/uploads\/2026\/02\/factory-svgrepo-com.png 256w, https:\/\/bktrading-tunisie.com\/wp-content\/uploads\/2026\/02\/factory-svgrepo-com-150x150.png 150w\" sizes=\"(max-width: 256px) 100vw, 256px\" \/>\t\t\t\t\t\t\t<\/div>\r\n                            \t\t\t\t\t\t\t    <div class=\"service-four_title\">05<\/div>\r\n                                                        \t\t\t\t\t\t\t    <h4 class=\"service-four_heading\"><a href=\"\/en\/service\/production-demballage\/\">Packaging Production<\/a><\/h4>\r\n                            \t\t\t\t\t\t<\/div>\r\n\t\t\t\t\t<\/div>\r\n\t\t\t\t\t\t\t\t\t<\/div>\r\n\t\t\t<\/div>\r\n\t\t<\/div>\r\n\t<\/section>\r\n    \t\t\t\t<\/div>\n\t\t\t\t<\/div>\n\t\t\t\t\t<\/div>\n\t\t<\/div>\n\t\t\t\t\t<\/div>\n\t\t<\/section>\n\t\t\t\t<section class=\"elementor-section elementor-top-section elementor-element elementor-element-05f730e elementor-section-full_width elementor-section-height-default elementor-section-height-default\" data-id=\"05f730e\" data-element_type=\"section\" data-e-type=\"section\">\n\t\t\t\t\t\t<div class=\"elementor-container elementor-column-gap-no\">\n\t\t\t\t\t<div class=\"elementor-column elementor-col-100 elementor-top-column elementor-element elementor-element-6a84833\" data-id=\"6a84833\" data-element_type=\"column\" data-e-type=\"column\">\n\t\t\t<div class=\"elementor-widget-wrap elementor-element-populated\">\n\t\t\t\t\t\t<div class=\"elementor-element elementor-element-a9e63f8 elementor-widget elementor-widget-hos-fnf-three-counter-id\" data-id=\"a9e63f8\" data-element_type=\"widget\" data-e-type=\"widget\" data-widget_type=\"hos-fnf-three-counter-id.default\">\n\t\t\t\t<div class=\"elementor-widget-container\">\n\t\t\t\t\t    <section class=\"counter-section-three\">\r\n\t\t<div class=\"auto-container\">\r\n\t\t\t<div class=\"row clearfix\">\r\n\t\t\t\t<!-- Counter Column -->\r\n\t\t\t\t<div class=\"counter-column col-lg-7 col-md-12 col-sm-12\">\r\n\t\t\t\t\t<div class=\"inner-column\">\r\n\t\t\t\t\t\t<div class=\"row clearfix\">\r\n\t\t\t\t\r\n\t\t\t\t\t\t\t<!-- Counter Column -->\r\n                            \t\t\t\t\t\t\t<div class=\"counter-block col-lg-4 col-md-6 col-sm-6\">\r\n\t\t\t\t\t\t\t\t<div class=\"inner-box title-anim\">\r\n\t\t\t\t\t\t\t\t\t<div class=\"counter\"><span class=\"odometer\" data-count=\"5\"><\/span>+<\/div>\r\n\t\t\t\t\t\t\t\t\t<div class=\"counter-text\">Ann\u00e9es d&#039;exp\u00e9rience<\/div>\r\n\t\t\t\t\t\t\t\t<\/div>\r\n\t\t\t\t\t\t\t<\/div>\r\n\t\t\t\t\t\t\t\t\t\t\t\t\t\t<div class=\"counter-block col-lg-4 col-md-6 col-sm-6\">\r\n\t\t\t\t\t\t\t\t<div class=\"inner-box title-anim\">\r\n\t\t\t\t\t\t\t\t\t<div class=\"counter\"><span class=\"odometer\" data-count=\"25\"><\/span>+<\/div>\r\n\t\t\t\t\t\t\t\t\t<div class=\"counter-text\">Travailleurs professionnels<\/div>\r\n\t\t\t\t\t\t\t\t<\/div>\r\n\t\t\t\t\t\t\t<\/div>\r\n\t\t\t\t\t\t\t\t\t\t\t\t\t\t<div class=\"counter-block col-lg-4 col-md-6 col-sm-6\">\r\n\t\t\t\t\t\t\t\t<div class=\"inner-box title-anim\">\r\n\t\t\t\t\t\t\t\t\t<div class=\"counter\"><span class=\"odometer\" data-count=\"50\"><\/span>+<\/div>\r\n\t\t\t\t\t\t\t\t\t<div class=\"counter-text\">Products<\/div>\r\n\t\t\t\t\t\t\t\t<\/div>\r\n\t\t\t\t\t\t\t<\/div>\r\n\t\t\t\t\t\t\t\t\t\t\t\t\t<\/div>\r\n\t\t\t\t\t<\/div>\r\n\t\t\t\t<\/div>\r\n\t\t\t\t<!-- Title Column -->\r\n                \t\t\t\t<div class=\"title-column col-lg-5 col-md-12 col-sm-12\">\r\n\t\t\t\t\t<div class=\"inner-column\">\r\n\t\t\t\t\t\t<div class=\"title\"> Total <span>R\u00e9alisations<\/span><\/div>\r\n\t\t\t\t\t<\/div>\r\n\t\t\t\t<\/div>\r\n                \t\t\t<\/div>\r\n\t\t<\/div>\r\n\t<\/section>\r\n    \t\t\t\t<\/div>\n\t\t\t\t<\/div>\n\t\t\t\t\t<\/div>\n\t\t<\/div>\n\t\t\t\t\t<\/div>\n\t\t<\/section>\n\t\t\t\t<section class=\"elementor-section elementor-top-section elementor-element elementor-element-e37f8cd elementor-section-full_width elementor-section-height-default elementor-section-height-default\" data-id=\"e37f8cd\" data-element_type=\"section\" data-e-type=\"section\">\n\t\t\t\t\t\t<div class=\"elementor-container elementor-column-gap-no\">\n\t\t\t\t\t<div class=\"elementor-column elementor-col-100 elementor-top-column elementor-element elementor-element-9f2f4bd\" data-id=\"9f2f4bd\" data-element_type=\"column\" data-e-type=\"column\">\n\t\t\t<div class=\"elementor-widget-wrap elementor-element-populated\">\n\t\t\t\t\t\t<div class=\"elementor-element elementor-element-8741f7f elementor-widget elementor-widget-hos-contact-infos-id\" data-id=\"8741f7f\" data-element_type=\"widget\" data-e-type=\"widget\" data-widget_type=\"hos-contact-infos-id.default\">\n\t\t\t\t<div class=\"elementor-widget-container\">\n\t\t\t\t\t    <section class=\"contact-info-section\">\r\n\t\t<div class=\"auto-container\">\r\n\t\t\t\r\n\t\t\t<!-- Title Box -->\r\n\t\t\t<div class=\"title-box text-center\">\r\n                \t\t\t\t    <span class=\"arrow\"><img decoding=\"async\" src=\"https:\/\/themexriver.com\/wp\/constim\/wp-content\/uploads\/2022\/12\/arrow-down-2.png\" alt=\"\" \/><\/span>\r\n                \t\t\t\t<h5>Contactez-Nous<\/h5>\r\n\t\t\t<\/div>\r\n\t\t\t\r\n\t\t\t<div class=\"inner-container\">\r\n                \t\t\t\t    <div class=\"icon-layer\" style=\"background-image:url(https:\/\/themexriver.com\/wp\/constim\/wp-content\/uploads\/2022\/12\/house.png)\"><\/div>\r\n                \t\t\t\t<ul class=\"info\">\r\n                    \t\t\t\t\t    <li><a href=\"tel:\"><a href=\"tel:+21652388757\">(+216) 52 <span>388<\/span> 757<\/a><\/a><\/li>\r\n                                        \t\t\t\t\t    <li><a href=\"mailto:http:\/\/contact@bktrading-tunisie.com\">contact@bktrading-tunisie.com<\/a><\/li>\r\n                    \t\t\t\t<\/ul>\r\n\t\t\t\t<!-- Sec Title -->\r\n\t\t\t\t<div class=\"sec-title centered\">\r\n                    \t\t\t\t\t    <div class=\"big-title title-anim\">Contact Us<\/div>\r\n                                        \t\t\t\t\t    <h2 class=\"title-anim\">envoyer un <span>message<\/span><\/h2>\r\n                                        \t\t\t\t\t<div class=\"arrow title-anim\"><img decoding=\"async\" src=\"https:\/\/themexriver.com\/wp\/constim\/wp-content\/uploads\/2022\/12\/arrow-down.png\" alt=\"\" \/><\/div>\r\n                    \t\t\t\t<\/div>\r\n\t\t\t<\/div>\r\n\t\t<\/div>\r\n\t<\/section>\r\n    \t\t\t\t<\/div>\n\t\t\t\t<\/div>\n\t\t\t\t\t<\/div>\n\t\t<\/div>\n\t\t\t\t\t<\/div>\n\t\t<\/section>\n\t\t\t\t<\/div>","protected":false},"excerpt":{"rendered":"<p>Nos Services Fourniture de services Fournir des solutions BK Trading fournit une gamme compl\u00e8te de services pour la construction de maisons priv\u00e9es et chalets depuis 2018 01 Personnalisation 02 Conception et Design 03 Prototypage rapide 04 Smart Packaging 05 Production d\u2019Emballage + Ann\u00e9es d&#039;exp\u00e9rience + Travailleurs professionnels + Produits Total R\u00e9alisations Contactez-Nous (+216) 52 388 [&hellip;]<\/p>\n","protected":false},"author":1,"featured_media":0,"parent":0,"menu_order":0,"comment_status":"closed","ping_status":"closed","template":"constim-template.php","meta":{"inline_featured_image":false,"footnotes":""},"class_list":["post-452","page","type-page","status-publish","hentry"],"yoast_head":"<!-- This site is optimized with the Yoast SEO Premium plugin v26.9 (Yoast SEO v27.6) - https:\/\/yoast.com\/product\/yoast-seo-premium-wordpress\/ -->\n<title>Services &#8211; BK Trading<\/title>\n<meta name=\"robots\" content=\"index, follow, max-snippet:-1, max-image-preview:large, max-video-preview:-1\" \/>\n<link rel=\"canonical\" href=\"https:\/\/bktrading-tunisie.com\/en\/services\/\" \/>\n<meta property=\"og:locale\" content=\"en_US\" \/>\n<meta property=\"og:type\" content=\"article\" \/>\n<meta property=\"og:title\" content=\"Services\" \/>\n<meta property=\"og:description\" content=\"Nos Services Fourniture de services Fournir des solutions BK Trading fournit une gamme compl\u00e8te de services pour la construction de maisons priv\u00e9es et chalets depuis 2018 01 Personnalisation 02 Conception et Design 03 Prototypage rapide 04 Smart Packaging 05 Production d\u2019Emballage + Ann\u00e9es d&#039;exp\u00e9rience + Travailleurs professionnels + Produits Total R\u00e9alisations Contactez-Nous (+216) 52 388 [&hellip;]\" \/>\n<meta property=\"og:url\" content=\"https:\/\/bktrading-tunisie.com\/en\/services\/\" \/>\n<meta property=\"og:site_name\" content=\"BK Trading\" \/>\n<meta property=\"article:modified_time\" content=\"2026-02-12T11:42:17+00:00\" \/>\n<meta property=\"og:image\" content=\"https:\/\/bktrading-tunisie.com\/wp-content\/uploads\/2026\/02\/settings-cogwheel-svgrepo-com.png\" \/>\n\t<meta property=\"og:image:width\" content=\"256\" \/>\n\t<meta property=\"og:image:height\" content=\"256\" \/>\n\t<meta property=\"og:image:type\" content=\"image\/png\" \/>\n<meta name=\"twitter:card\" content=\"summary_large_image\" \/>\n<script type=\"application\/ld+json\" class=\"yoast-schema-graph\">{\"@context\":\"https:\\\/\\\/schema.org\",\"@graph\":[{\"@type\":\"WebPage\",\"@id\":\"https:\\\/\\\/bktrading-tunisie.com\\\/services\\\/\",\"url\":\"https:\\\/\\\/bktrading-tunisie.com\\\/services\\\/\",\"name\":\"Services &#8211; BK Trading\",\"isPartOf\":{\"@id\":\"https:\\\/\\\/bktrading-tunisie.com\\\/#website\"},\"primaryImageOfPage\":{\"@id\":\"https:\\\/\\\/bktrading-tunisie.com\\\/services\\\/#primaryimage\"},\"image\":{\"@id\":\"https:\\\/\\\/bktrading-tunisie.com\\\/services\\\/#primaryimage\"},\"thumbnailUrl\":\"https:\\\/\\\/bktrading-tunisie.com\\\/wp-content\\\/uploads\\\/2026\\\/02\\\/settings-cogwheel-svgrepo-com.png\",\"datePublished\":\"2022-12-21T05:41:02+00:00\",\"dateModified\":\"2026-02-12T11:42:17+00:00\",\"breadcrumb\":{\"@id\":\"https:\\\/\\\/bktrading-tunisie.com\\\/services\\\/#breadcrumb\"},\"inLanguage\":\"en-US\",\"potentialAction\":[{\"@type\":\"ReadAction\",\"target\":[\"https:\\\/\\\/bktrading-tunisie.com\\\/services\\\/\"]}]},{\"@type\":\"ImageObject\",\"inLanguage\":\"en-US\",\"@id\":\"https:\\\/\\\/bktrading-tunisie.com\\\/services\\\/#primaryimage\",\"url\":\"https:\\\/\\\/bktrading-tunisie.com\\\/wp-content\\\/uploads\\\/2026\\\/02\\\/settings-cogwheel-svgrepo-com.png\",\"contentUrl\":\"https:\\\/\\\/bktrading-tunisie.com\\\/wp-content\\\/uploads\\\/2026\\\/02\\\/settings-cogwheel-svgrepo-com.png\"},{\"@type\":\"BreadcrumbList\",\"@id\":\"https:\\\/\\\/bktrading-tunisie.com\\\/services\\\/#breadcrumb\",\"itemListElement\":[{\"@type\":\"ListItem\",\"position\":1,\"name\":\"Home\",\"item\":\"https:\\\/\\\/bktrading-tunisie.com\\\/\"},{\"@type\":\"ListItem\",\"position\":2,\"name\":\"Services\"}]},{\"@type\":\"WebSite\",\"@id\":\"https:\\\/\\\/bktrading-tunisie.com\\\/#website\",\"url\":\"https:\\\/\\\/bktrading-tunisie.com\\\/\",\"name\":\"BK Trading\",\"description\":\"Emballage &amp; Fournitures Industrielles\",\"publisher\":{\"@id\":\"https:\\\/\\\/bktrading-tunisie.com\\\/#organization\"},\"potentialAction\":[{\"@type\":\"SearchAction\",\"target\":{\"@type\":\"EntryPoint\",\"urlTemplate\":\"https:\\\/\\\/bktrading-tunisie.com\\\/?s={search_term_string}\"},\"query-input\":{\"@type\":\"PropertyValueSpecification\",\"valueRequired\":true,\"valueName\":\"search_term_string\"}}],\"inLanguage\":\"en-US\"},{\"@type\":\"Organization\",\"@id\":\"https:\\\/\\\/bktrading-tunisie.com\\\/#organization\",\"name\":\"BK Trading\",\"url\":\"https:\\\/\\\/bktrading-tunisie.com\\\/\",\"logo\":{\"@type\":\"ImageObject\",\"inLanguage\":\"en-US\",\"@id\":\"https:\\\/\\\/bktrading-tunisie.com\\\/#\\\/schema\\\/logo\\\/image\\\/\",\"url\":\"https:\\\/\\\/bktrading-tunisie.com\\\/wp-content\\\/uploads\\\/2026\\\/01\\\/cropped-Artboard-1-1.png\",\"contentUrl\":\"https:\\\/\\\/bktrading-tunisie.com\\\/wp-content\\\/uploads\\\/2026\\\/01\\\/cropped-Artboard-1-1.png\",\"width\":512,\"height\":512,\"caption\":\"BK Trading\"},\"image\":{\"@id\":\"https:\\\/\\\/bktrading-tunisie.com\\\/#\\\/schema\\\/logo\\\/image\\\/\"}}]}<\/script>\n<!-- \/ Yoast SEO Premium plugin. -->","yoast_head_json":{"title":"Services &#8211; BK Trading","robots":{"index":"index","follow":"follow","max-snippet":"max-snippet:-1","max-image-preview":"max-image-preview:large","max-video-preview":"max-video-preview:-1"},"canonical":"https:\/\/bktrading-tunisie.com\/en\/services\/","og_locale":"en_US","og_type":"article","og_title":"Services","og_description":"Nos Services Fourniture de services Fournir des solutions BK Trading fournit une gamme compl\u00e8te de services pour la construction de maisons priv\u00e9es et chalets depuis 2018 01 Personnalisation 02 Conception et Design 03 Prototypage rapide 04 Smart Packaging 05 Production d\u2019Emballage + Ann\u00e9es d&#039;exp\u00e9rience + Travailleurs professionnels + Produits Total R\u00e9alisations Contactez-Nous (+216) 52 388 [&hellip;]","og_url":"https:\/\/bktrading-tunisie.com\/en\/services\/","og_site_name":"BK Trading","article_modified_time":"2026-02-12T11:42:17+00:00","og_image":[{"width":256,"height":256,"url":"https:\/\/bktrading-tunisie.com\/wp-content\/uploads\/2026\/02\/settings-cogwheel-svgrepo-com.png","type":"image\/png"}],"twitter_card":"summary_large_image","schema":{"@context":"https:\/\/schema.org","@graph":[{"@type":"WebPage","@id":"https:\/\/bktrading-tunisie.com\/services\/","url":"https:\/\/bktrading-tunisie.com\/services\/","name":"Services &#8211; BK Trading","isPartOf":{"@id":"https:\/\/bktrading-tunisie.com\/#website"},"primaryImageOfPage":{"@id":"https:\/\/bktrading-tunisie.com\/services\/#primaryimage"},"image":{"@id":"https:\/\/bktrading-tunisie.com\/services\/#primaryimage"},"thumbnailUrl":"https:\/\/bktrading-tunisie.com\/wp-content\/uploads\/2026\/02\/settings-cogwheel-svgrepo-com.png","datePublished":"2022-12-21T05:41:02+00:00","dateModified":"2026-02-12T11:42:17+00:00","breadcrumb":{"@id":"https:\/\/bktrading-tunisie.com\/services\/#breadcrumb"},"inLanguage":"en-US","potentialAction":[{"@type":"ReadAction","target":["https:\/\/bktrading-tunisie.com\/services\/"]}]},{"@type":"ImageObject","inLanguage":"en-US","@id":"https:\/\/bktrading-tunisie.com\/services\/#primaryimage","url":"https:\/\/bktrading-tunisie.com\/wp-content\/uploads\/2026\/02\/settings-cogwheel-svgrepo-com.png","contentUrl":"https:\/\/bktrading-tunisie.com\/wp-content\/uploads\/2026\/02\/settings-cogwheel-svgrepo-com.png"},{"@type":"BreadcrumbList","@id":"https:\/\/bktrading-tunisie.com\/services\/#breadcrumb","itemListElement":[{"@type":"ListItem","position":1,"name":"Home","item":"https:\/\/bktrading-tunisie.com\/"},{"@type":"ListItem","position":2,"name":"Services"}]},{"@type":"WebSite","@id":"https:\/\/bktrading-tunisie.com\/#website","url":"https:\/\/bktrading-tunisie.com\/","name":"BK Trading","description":"Emballage &amp; Fournitures Industrielles","publisher":{"@id":"https:\/\/bktrading-tunisie.com\/#organization"},"potentialAction":[{"@type":"SearchAction","target":{"@type":"EntryPoint","urlTemplate":"https:\/\/bktrading-tunisie.com\/?s={search_term_string}"},"query-input":{"@type":"PropertyValueSpecification","valueRequired":true,"valueName":"search_term_string"}}],"inLanguage":"en-US"},{"@type":"Organization","@id":"https:\/\/bktrading-tunisie.com\/#organization","name":"BK Trading","url":"https:\/\/bktrading-tunisie.com\/","logo":{"@type":"ImageObject","inLanguage":"en-US","@id":"https:\/\/bktrading-tunisie.com\/#\/schema\/logo\/image\/","url":"https:\/\/bktrading-tunisie.com\/wp-content\/uploads\/2026\/01\/cropped-Artboard-1-1.png","contentUrl":"https:\/\/bktrading-tunisie.com\/wp-content\/uploads\/2026\/01\/cropped-Artboard-1-1.png","width":512,"height":512,"caption":"BK Trading"},"image":{"@id":"https:\/\/bktrading-tunisie.com\/#\/schema\/logo\/image\/"}}]}},"_hostinger_reach_plugin_has_subscription_block":false,"_hostinger_reach_plugin_is_elementor":false,"_links":{"self":[{"href":"https:\/\/bktrading-tunisie.com\/en\/wp-json\/wp\/v2\/pages\/452","targetHints":{"allow":["GET"]}}],"collection":[{"href":"https:\/\/bktrading-tunisie.com\/en\/wp-json\/wp\/v2\/pages"}],"about":[{"href":"https:\/\/bktrading-tunisie.com\/en\/wp-json\/wp\/v2\/types\/page"}],"author":[{"embeddable":true,"href":"https:\/\/bktrading-tunisie.com\/en\/wp-json\/wp\/v2\/users\/1"}],"replies":[{"embeddable":true,"href":"https:\/\/bktrading-tunisie.com\/en\/wp-json\/wp\/v2\/comments?post=452"}],"version-history":[{"count":25,"href":"https:\/\/bktrading-tunisie.com\/en\/wp-json\/wp\/v2\/pages\/452\/revisions"}],"predecessor-version":[{"id":2609,"href":"https:\/\/bktrading-tunisie.com\/en\/wp-json\/wp\/v2\/pages\/452\/revisions\/2609"}],"wp:attachment":[{"href":"https:\/\/bktrading-tunisie.com\/en\/wp-json\/wp\/v2\/media?parent=452"}],"curies":[{"name":"wp","href":"https:\/\/api.w.org\/{rel}","templated":true}]}}