{"id":2873,"date":"2026-02-25T00:59:17","date_gmt":"2026-02-24T23:59:17","guid":{"rendered":"https:\/\/bktrading-tunisie.com\/?page_id=2873"},"modified":"2026-02-25T01:06:05","modified_gmt":"2026-02-25T00:06:05","slug":"caisse-et-boite-en-carton","status":"publish","type":"page","link":"https:\/\/bktrading-tunisie.com\/en\/produits-consommables\/caisse-et-boite-en-carton\/","title":{"rendered":"Caisse et boite en carton"},"content":{"rendered":"<div data-elementor-type=\"wp-page\" data-elementor-id=\"2873\" class=\"elementor elementor-2873\" data-elementor-post-type=\"page\">\n\t\t\t\t\t\t<section class=\"elementor-section elementor-top-section elementor-element elementor-element-3ddd9876 elementor-section-full_width page-title elementor-section-stretched elementor-section-height-default elementor-section-height-default\" data-id=\"3ddd9876\" data-element_type=\"section\" data-e-type=\"section\" data-settings=\"{&quot;background_background&quot;:&quot;gradient&quot;,&quot;stretch_section&quot;:&quot;section-stretched&quot;}\">\n\t\t\t\t\t\t<div class=\"elementor-container elementor-column-gap-no\">\n\t\t\t\t\t<div class=\"elementor-column elementor-col-100 elementor-top-column elementor-element elementor-element-3afbf25\" data-id=\"3afbf25\" data-element_type=\"column\" data-e-type=\"column\">\n\t\t\t<div class=\"elementor-widget-wrap elementor-element-populated\">\n\t\t\t\t\t\t<div class=\"elementor-element elementor-element-353e92fc elementor-widget elementor-widget-heading\" data-id=\"353e92fc\" data-element_type=\"widget\" data-e-type=\"widget\" data-widget_type=\"heading.default\">\n\t\t\t\t\t<h1 class=\"elementor-heading-title elementor-size-default\">Caisse et boite en carton<\/h1>\t\t\t\t<\/div>\n\t\t\t\t\t<\/div>\n\t\t<\/div>\n\t\t\t\t\t<\/div>\n\t\t<\/section>\n\t\t\t\t<section class=\"elementor-section elementor-top-section elementor-element elementor-element-14eb754b elementor-section-full_width elementor-section-stretched elementor-section-height-default elementor-section-height-default\" data-id=\"14eb754b\" data-element_type=\"section\" data-e-type=\"section\" data-settings=\"{&quot;stretch_section&quot;:&quot;section-stretched&quot;}\">\n\t\t\t\t\t\t<div class=\"elementor-container elementor-column-gap-no\">\n\t\t\t\t\t<div class=\"elementor-column elementor-col-100 elementor-top-column elementor-element elementor-element-1229c3c9\" data-id=\"1229c3c9\" data-element_type=\"column\" data-e-type=\"column\">\n\t\t\t<div class=\"elementor-widget-wrap elementor-element-populated\">\n\t\t\t\t\t\t<div class=\"elementor-element elementor-element-546621ae elementor-widget elementor-widget-hos-prg-singel-id\" data-id=\"546621ae\" data-element_type=\"widget\" data-e-type=\"widget\" data-widget_type=\"hos-prg-singel-id.default\">\n\t\t\t\t<div class=\"elementor-widget-container\">\n\t\t\t\t\t    <section class=\"project-detail-section\">\r\n\t\t<div class=\"auto-container\">\r\n\t\t\t<!-- Carousel Box -->\r\n\t\t\t<div class=\"carousel-box\">\r\n\t\t\t\t<div class=\"single-item-carousel owl-carousel owl-theme\">\r\n                                            <div class=\"image\">\r\n                            <img decoding=\"async\" src=\"https:\/\/bktrading-tunisie.com\/wp-content\/uploads\/2026\/02\/istockphoto-1346366673-612x612-1.jpg\" alt=\"\" \/>\r\n                        <\/div>\r\n                    \t\t\t\t<\/div>\r\n\t\t\t<\/div>\r\n\t\t\t<div class=\"lower-content\">\r\n\t\t\t\t<div class=\"row clearfix\">\r\n\t\t\t\t\t<!-- Content Column -->\r\n\t\t\t\t\t<div class=\"content-column col-lg-8 col-md-12 col-sm-12\">\r\n\t\t\t\t\t\t<div class=\"inner-column\">\r\n\t\t\t\t\t\t\t<h2>Caisse et boite en carton <\/h2>\r\n\t\t\t\t\t\t\t<div class=\"list\">\r\n\t\t\t\t\t\t\t\t<p>emballages l\u00e9gers et r\u00e9sistants, id\u00e9aux pour le stockage, le transport et la protection de produits fragiles ou volumineux.<\/p>\t\t\t\t\t\t\t<\/div>\r\n\t\t\t\t\t\t<\/div>\r\n\t\t\t\t\t<\/div>\r\n\t\t\t\t\t<!-- Info Column -->\r\n                    \t\t\t\t\t<div class=\"info-column col-lg-4 col-md-12 col-sm-12\">\r\n\t\t\t\t\t\t<div class=\"inner-column\">\r\n\t\t\t\t\t\t\t<ul class=\"project-info-list\">\r\n                                \t\t\t\t\t\t\t\t    <li><span>Date:<\/span>July 13, 2022<\/li>\r\n                                \t\t\t\t\t\t\t<\/ul>\r\n\t\t\t\t\t\t<\/div>\r\n\t\t\t\t\t<\/div>\r\n                    \t\t\t\t<\/div>\r\n\t\t\t<\/div>\r\n\t\t\t\r\n\t\t\t<!-- Project More Posts -->\r\n\t\t\t<div class=\"project-more-posts\">\r\n\t\t\t\t<div class=\"d-flex justify-content-between align-items-center\">\r\n                    \t\t\t\t\t    <a href=\"\"><span class=\"fa fa-arrow-left\"><\/span> &nbsp; Prev<\/a>\r\n                                        \t\t\t\t\t    <a href=\"#\"><span class=\"icon\"><img decoding=\"async\" src=\"https:\/\/bktrading-tunisie.com\/wp-content\/uploads\/2022\/12\/grid.png\" alt=\"\" \/><\/span><\/a>\r\n                    \t\t\t\t\t<a href=\"\">Next &nbsp; <span class=\"fa fa-arrow-right\"><\/span><\/span><\/a>\r\n\t\t\t\t<\/div>\r\n\t\t\t<\/div>\r\n\t\t\t\r\n\t\t<\/div>\r\n\t<\/section>\r\n    \t\t\t\t<\/div>\n\t\t\t\t<\/div>\n\t\t\t\t\t<\/div>\n\t\t<\/div>\n\t\t\t\t\t<\/div>\n\t\t<\/section>\n\t\t\t\t<\/div>","protected":false},"excerpt":{"rendered":"<p>Caisse et boite en carton Caisse et boite en carton emballages l\u00e9gers et r\u00e9sistants, id\u00e9aux pour le stockage, le transport et la protection de produits fragiles ou volumineux. Date:July 13, 2022 &nbsp; Prev Next &nbsp;<\/p>","protected":false},"author":1,"featured_media":0,"parent":958,"menu_order":0,"comment_status":"closed","ping_status":"closed","template":"","meta":{"inline_featured_image":false,"footnotes":""},"class_list":["post-2873","page","type-page","status-publish","hentry"],"yoast_head":"<!-- This site is optimized with the Yoast SEO Premium plugin v26.9 (Yoast SEO v27.6) - https:\/\/yoast.com\/product\/yoast-seo-premium-wordpress\/ -->\n<title>Caisse et boite en carton &#8211; BK Trading<\/title>\n<meta name=\"robots\" content=\"index, follow, max-snippet:-1, max-image-preview:large, max-video-preview:-1\" \/>\n<link rel=\"canonical\" href=\"https:\/\/bktrading-tunisie.com\/en\/produits-consommables\/caisse-et-boite-en-carton\/\" \/>\n<meta property=\"og:locale\" content=\"en_US\" \/>\n<meta property=\"og:type\" content=\"article\" \/>\n<meta property=\"og:title\" content=\"Caisse et boite en carton\" \/>\n<meta property=\"og:description\" content=\"Caisse et boite en carton Caisse et boite en carton emballages l\u00e9gers et r\u00e9sistants, id\u00e9aux pour le stockage, le transport et la protection de produits fragiles ou volumineux. Date:July 13, 2022 &nbsp; Prev Next &nbsp;\" \/>\n<meta property=\"og:url\" content=\"https:\/\/bktrading-tunisie.com\/en\/produits-consommables\/caisse-et-boite-en-carton\/\" \/>\n<meta property=\"og:site_name\" content=\"BK Trading\" \/>\n<meta property=\"article:modified_time\" content=\"2026-02-25T00:06:05+00:00\" \/>\n<meta property=\"og:image\" content=\"https:\/\/bktrading-tunisie.com\/wp-content\/uploads\/2026\/02\/istockphoto-1346366673-612x612-1.jpg\" \/>\n<meta name=\"twitter:card\" content=\"summary_large_image\" \/>\n<meta name=\"twitter:label1\" content=\"Est. reading time\" \/>\n\t<meta name=\"twitter:data1\" content=\"2 minutes\" \/>\n<script type=\"application\/ld+json\" class=\"yoast-schema-graph\">{\"@context\":\"https:\\\/\\\/schema.org\",\"@graph\":[{\"@type\":\"WebPage\",\"@id\":\"https:\\\/\\\/bktrading-tunisie.com\\\/produits-consommables\\\/caisse-et-boite-en-carton\\\/\",\"url\":\"https:\\\/\\\/bktrading-tunisie.com\\\/produits-consommables\\\/caisse-et-boite-en-carton\\\/\",\"name\":\"Caisse et boite en carton &#8211; BK Trading\",\"isPartOf\":{\"@id\":\"https:\\\/\\\/bktrading-tunisie.com\\\/#website\"},\"primaryImageOfPage\":{\"@id\":\"https:\\\/\\\/bktrading-tunisie.com\\\/produits-consommables\\\/caisse-et-boite-en-carton\\\/#primaryimage\"},\"image\":{\"@id\":\"https:\\\/\\\/bktrading-tunisie.com\\\/produits-consommables\\\/caisse-et-boite-en-carton\\\/#primaryimage\"},\"thumbnailUrl\":\"https:\\\/\\\/bktrading-tunisie.com\\\/wp-content\\\/uploads\\\/2026\\\/02\\\/istockphoto-1346366673-612x612-1.jpg\",\"datePublished\":\"2026-02-24T23:59:17+00:00\",\"dateModified\":\"2026-02-25T00:06:05+00:00\",\"breadcrumb\":{\"@id\":\"https:\\\/\\\/bktrading-tunisie.com\\\/produits-consommables\\\/caisse-et-boite-en-carton\\\/#breadcrumb\"},\"inLanguage\":\"en-US\",\"potentialAction\":[{\"@type\":\"ReadAction\",\"target\":[\"https:\\\/\\\/bktrading-tunisie.com\\\/produits-consommables\\\/caisse-et-boite-en-carton\\\/\"]}]},{\"@type\":\"ImageObject\",\"inLanguage\":\"en-US\",\"@id\":\"https:\\\/\\\/bktrading-tunisie.com\\\/produits-consommables\\\/caisse-et-boite-en-carton\\\/#primaryimage\",\"url\":\"https:\\\/\\\/bktrading-tunisie.com\\\/wp-content\\\/uploads\\\/2026\\\/02\\\/istockphoto-1346366673-612x612-1.jpg\",\"contentUrl\":\"https:\\\/\\\/bktrading-tunisie.com\\\/wp-content\\\/uploads\\\/2026\\\/02\\\/istockphoto-1346366673-612x612-1.jpg\"},{\"@type\":\"BreadcrumbList\",\"@id\":\"https:\\\/\\\/bktrading-tunisie.com\\\/produits-consommables\\\/caisse-et-boite-en-carton\\\/#breadcrumb\",\"itemListElement\":[{\"@type\":\"ListItem\",\"position\":1,\"name\":\"Home\",\"item\":\"https:\\\/\\\/bktrading-tunisie.com\\\/\"},{\"@type\":\"ListItem\",\"position\":2,\"name\":\"Produits Consommables\",\"item\":\"https:\\\/\\\/bktrading-tunisie.com\\\/produits-consommables\\\/\"},{\"@type\":\"ListItem\",\"position\":3,\"name\":\"Caisse et boite en carton\"}]},{\"@type\":\"WebSite\",\"@id\":\"https:\\\/\\\/bktrading-tunisie.com\\\/#website\",\"url\":\"https:\\\/\\\/bktrading-tunisie.com\\\/\",\"name\":\"BK Trading\",\"description\":\"Emballage &amp; Fournitures Industrielles\",\"publisher\":{\"@id\":\"https:\\\/\\\/bktrading-tunisie.com\\\/#organization\"},\"potentialAction\":[{\"@type\":\"SearchAction\",\"target\":{\"@type\":\"EntryPoint\",\"urlTemplate\":\"https:\\\/\\\/bktrading-tunisie.com\\\/?s={search_term_string}\"},\"query-input\":{\"@type\":\"PropertyValueSpecification\",\"valueRequired\":true,\"valueName\":\"search_term_string\"}}],\"inLanguage\":\"en-US\"},{\"@type\":\"Organization\",\"@id\":\"https:\\\/\\\/bktrading-tunisie.com\\\/#organization\",\"name\":\"BK Trading\",\"url\":\"https:\\\/\\\/bktrading-tunisie.com\\\/\",\"logo\":{\"@type\":\"ImageObject\",\"inLanguage\":\"en-US\",\"@id\":\"https:\\\/\\\/bktrading-tunisie.com\\\/#\\\/schema\\\/logo\\\/image\\\/\",\"url\":\"https:\\\/\\\/bktrading-tunisie.com\\\/wp-content\\\/uploads\\\/2026\\\/01\\\/cropped-Artboard-1-1.png\",\"contentUrl\":\"https:\\\/\\\/bktrading-tunisie.com\\\/wp-content\\\/uploads\\\/2026\\\/01\\\/cropped-Artboard-1-1.png\",\"width\":512,\"height\":512,\"caption\":\"BK Trading\"},\"image\":{\"@id\":\"https:\\\/\\\/bktrading-tunisie.com\\\/#\\\/schema\\\/logo\\\/image\\\/\"}}]}<\/script>\n<!-- \/ Yoast SEO Premium plugin. -->","yoast_head_json":{"title":"Caisse et boite en carton &#8211; BK Trading","robots":{"index":"index","follow":"follow","max-snippet":"max-snippet:-1","max-image-preview":"max-image-preview:large","max-video-preview":"max-video-preview:-1"},"canonical":"https:\/\/bktrading-tunisie.com\/en\/produits-consommables\/caisse-et-boite-en-carton\/","og_locale":"en_US","og_type":"article","og_title":"Caisse et boite en carton","og_description":"Caisse et boite en carton Caisse et boite en carton emballages l\u00e9gers et r\u00e9sistants, id\u00e9aux pour le stockage, le transport et la protection de produits fragiles ou volumineux. Date:July 13, 2022 &nbsp; Prev Next &nbsp;","og_url":"https:\/\/bktrading-tunisie.com\/en\/produits-consommables\/caisse-et-boite-en-carton\/","og_site_name":"BK Trading","article_modified_time":"2026-02-25T00:06:05+00:00","og_image":[{"url":"https:\/\/bktrading-tunisie.com\/wp-content\/uploads\/2026\/02\/istockphoto-1346366673-612x612-1.jpg","type":"","width":"","height":""}],"twitter_card":"summary_large_image","twitter_misc":{"Est. reading time":"2 minutes"},"schema":{"@context":"https:\/\/schema.org","@graph":[{"@type":"WebPage","@id":"https:\/\/bktrading-tunisie.com\/produits-consommables\/caisse-et-boite-en-carton\/","url":"https:\/\/bktrading-tunisie.com\/produits-consommables\/caisse-et-boite-en-carton\/","name":"Caisse et boite en carton &#8211; BK Trading","isPartOf":{"@id":"https:\/\/bktrading-tunisie.com\/#website"},"primaryImageOfPage":{"@id":"https:\/\/bktrading-tunisie.com\/produits-consommables\/caisse-et-boite-en-carton\/#primaryimage"},"image":{"@id":"https:\/\/bktrading-tunisie.com\/produits-consommables\/caisse-et-boite-en-carton\/#primaryimage"},"thumbnailUrl":"https:\/\/bktrading-tunisie.com\/wp-content\/uploads\/2026\/02\/istockphoto-1346366673-612x612-1.jpg","datePublished":"2026-02-24T23:59:17+00:00","dateModified":"2026-02-25T00:06:05+00:00","breadcrumb":{"@id":"https:\/\/bktrading-tunisie.com\/produits-consommables\/caisse-et-boite-en-carton\/#breadcrumb"},"inLanguage":"en-US","potentialAction":[{"@type":"ReadAction","target":["https:\/\/bktrading-tunisie.com\/produits-consommables\/caisse-et-boite-en-carton\/"]}]},{"@type":"ImageObject","inLanguage":"en-US","@id":"https:\/\/bktrading-tunisie.com\/produits-consommables\/caisse-et-boite-en-carton\/#primaryimage","url":"https:\/\/bktrading-tunisie.com\/wp-content\/uploads\/2026\/02\/istockphoto-1346366673-612x612-1.jpg","contentUrl":"https:\/\/bktrading-tunisie.com\/wp-content\/uploads\/2026\/02\/istockphoto-1346366673-612x612-1.jpg"},{"@type":"BreadcrumbList","@id":"https:\/\/bktrading-tunisie.com\/produits-consommables\/caisse-et-boite-en-carton\/#breadcrumb","itemListElement":[{"@type":"ListItem","position":1,"name":"Home","item":"https:\/\/bktrading-tunisie.com\/"},{"@type":"ListItem","position":2,"name":"Produits Consommables","item":"https:\/\/bktrading-tunisie.com\/produits-consommables\/"},{"@type":"ListItem","position":3,"name":"Caisse et boite en carton"}]},{"@type":"WebSite","@id":"https:\/\/bktrading-tunisie.com\/#website","url":"https:\/\/bktrading-tunisie.com\/","name":"BK Trading","description":"Emballage &amp; Fournitures Industrielles","publisher":{"@id":"https:\/\/bktrading-tunisie.com\/#organization"},"potentialAction":[{"@type":"SearchAction","target":{"@type":"EntryPoint","urlTemplate":"https:\/\/bktrading-tunisie.com\/?s={search_term_string}"},"query-input":{"@type":"PropertyValueSpecification","valueRequired":true,"valueName":"search_term_string"}}],"inLanguage":"en-US"},{"@type":"Organization","@id":"https:\/\/bktrading-tunisie.com\/#organization","name":"BK Trading","url":"https:\/\/bktrading-tunisie.com\/","logo":{"@type":"ImageObject","inLanguage":"en-US","@id":"https:\/\/bktrading-tunisie.com\/#\/schema\/logo\/image\/","url":"https:\/\/bktrading-tunisie.com\/wp-content\/uploads\/2026\/01\/cropped-Artboard-1-1.png","contentUrl":"https:\/\/bktrading-tunisie.com\/wp-content\/uploads\/2026\/01\/cropped-Artboard-1-1.png","width":512,"height":512,"caption":"BK Trading"},"image":{"@id":"https:\/\/bktrading-tunisie.com\/#\/schema\/logo\/image\/"}}]}},"_hostinger_reach_plugin_has_subscription_block":false,"_hostinger_reach_plugin_is_elementor":false,"_links":{"self":[{"href":"https:\/\/bktrading-tunisie.com\/en\/wp-json\/wp\/v2\/pages\/2873","targetHints":{"allow":["GET"]}}],"collection":[{"href":"https:\/\/bktrading-tunisie.com\/en\/wp-json\/wp\/v2\/pages"}],"about":[{"href":"https:\/\/bktrading-tunisie.com\/en\/wp-json\/wp\/v2\/types\/page"}],"author":[{"embeddable":true,"href":"https:\/\/bktrading-tunisie.com\/en\/wp-json\/wp\/v2\/users\/1"}],"replies":[{"embeddable":true,"href":"https:\/\/bktrading-tunisie.com\/en\/wp-json\/wp\/v2\/comments?post=2873"}],"version-history":[{"count":4,"href":"https:\/\/bktrading-tunisie.com\/en\/wp-json\/wp\/v2\/pages\/2873\/revisions"}],"predecessor-version":[{"id":2906,"href":"https:\/\/bktrading-tunisie.com\/en\/wp-json\/wp\/v2\/pages\/2873\/revisions\/2906"}],"up":[{"embeddable":true,"href":"https:\/\/bktrading-tunisie.com\/en\/wp-json\/wp\/v2\/pages\/958"}],"wp:attachment":[{"href":"https:\/\/bktrading-tunisie.com\/en\/wp-json\/wp\/v2\/media?parent=2873"}],"curies":[{"name":"wp","href":"https:\/\/api.w.org\/{rel}","templated":true}]}}