{"id":2694,"date":"2026-02-22T23:01:53","date_gmt":"2026-02-22T22:01:53","guid":{"rendered":"https:\/\/bktrading-tunisie.com\/?page_id=2694"},"modified":"2026-02-24T17:00:11","modified_gmt":"2026-02-24T16:00:11","slug":"divers","status":"publish","type":"page","link":"https:\/\/bktrading-tunisie.com\/en\/divers\/","title":{"rendered":"Divers"},"content":{"rendered":"<div data-elementor-type=\"wp-page\" data-elementor-id=\"2694\" class=\"elementor elementor-2694\" data-elementor-post-type=\"page\">\n\t\t\t\t\t\t<section class=\"elementor-section elementor-top-section elementor-element elementor-element-3ddd9876 elementor-section-full_width page-title elementor-section-stretched elementor-section-height-default elementor-section-height-default\" data-id=\"3ddd9876\" data-element_type=\"section\" data-e-type=\"section\" data-settings=\"{&quot;background_background&quot;:&quot;gradient&quot;,&quot;stretch_section&quot;:&quot;section-stretched&quot;}\">\n\t\t\t\t\t\t<div class=\"elementor-container elementor-column-gap-no\">\n\t\t\t\t\t<div class=\"elementor-column elementor-col-100 elementor-top-column elementor-element elementor-element-3afbf25\" data-id=\"3afbf25\" data-element_type=\"column\" data-e-type=\"column\">\n\t\t\t<div class=\"elementor-widget-wrap elementor-element-populated\">\n\t\t\t\t\t\t<div class=\"elementor-element elementor-element-353e92fc elementor-widget elementor-widget-heading\" data-id=\"353e92fc\" data-element_type=\"widget\" data-e-type=\"widget\" data-widget_type=\"heading.default\">\n\t\t\t\t\t<h1 class=\"elementor-heading-title elementor-size-default\">Divers Produits<\/h1>\t\t\t\t<\/div>\n\t\t\t\t\t<\/div>\n\t\t<\/div>\n\t\t\t\t\t<\/div>\n\t\t<\/section>\n\t\t\t\t<section class=\"elementor-section elementor-top-section elementor-element elementor-element-1b082fad elementor-section-boxed elementor-section-height-default elementor-section-height-default\" data-id=\"1b082fad\" data-element_type=\"section\" data-e-type=\"section\">\n\t\t\t\t\t\t<div class=\"elementor-container elementor-column-gap-default\">\n\t\t\t\t\t<div class=\"elementor-column elementor-col-33 elementor-top-column elementor-element elementor-element-7d42f2cf\" data-id=\"7d42f2cf\" data-element_type=\"column\" data-e-type=\"column\">\n\t\t\t<div class=\"elementor-widget-wrap elementor-element-populated\">\n\t\t\t\t\t\t<div class=\"elementor-element elementor-element-7eb54211 elementor-widget elementor-widget-hos-project-grid-id\" data-id=\"7eb54211\" data-element_type=\"widget\" data-e-type=\"widget\" data-widget_type=\"hos-project-grid-id.default\">\n\t\t\t\t<div class=\"elementor-widget-container\">\n\t\t\t\t\t    <div class=\"portfolio-block\">\r\n        <div class=\"inner-box\">\r\n            <div class=\"image\">\r\n                                    <img decoding=\"async\" src=\"https:\/\/bktrading-tunisie.com\/wp-content\/uploads\/2026\/02\/WhatsApp-Image-2026-02-14-at-13.06.46.jpeg\" alt=\"\" \/>\r\n                                <div class=\"overlay-box\">\r\n                                            <span class=\"number\">01<\/span>\r\n                                        <!-- Content -->\r\n                    <div class=\"content\">\r\n                        <h3><a href=\"https:\/\/bktrading-tunisie.com\/en\/divers\/bacs-de-stockage\/\">Bacs de stockage<\/a><\/h3>\r\n                                                <a class=\"detail\" href=\"https:\/\/bktrading-tunisie.com\/en\/divers\/bacs-de-stockage\/\">more details<\/a>\r\n                                            <\/div>\r\n                <\/div>\r\n            <\/div>\r\n                        <div class=\"lower-box\">\r\n                <a class=\"more-detail\" href=\"https:\/\/bktrading-tunisie.com\/en\/divers\/bacs-de-stockage\/\">more details <span class=\"arrow\"><img decoding=\"async\" src=\"https:\/\/themexriver.com\/wp\/constim\/wp-content\/uploads\/2022\/12\/arrow-up-3.png\" alt=\"\" \/><\/span><\/a>\r\n            <\/div>\r\n                    <\/div>\r\n    <\/div>\r\n    \t\t\t\t<\/div>\n\t\t\t\t<\/div>\n\t\t\t\t<div class=\"elementor-element elementor-element-e365704 elementor-widget elementor-widget-hos-project-grid-id\" data-id=\"e365704\" data-element_type=\"widget\" data-e-type=\"widget\" data-widget_type=\"hos-project-grid-id.default\">\n\t\t\t\t<div class=\"elementor-widget-container\">\n\t\t\t\t\t    <div class=\"portfolio-block\">\r\n        <div class=\"inner-box\">\r\n            <div class=\"image\">\r\n                                    <img decoding=\"async\" src=\"https:\/\/bktrading-tunisie.com\/wp-content\/uploads\/2026\/02\/caisses.png\" alt=\"\" \/>\r\n                                <div class=\"overlay-box\">\r\n                                            <span class=\"number\">04<\/span>\r\n                                        <!-- Content -->\r\n                    <div class=\"content\">\r\n                        <h3><a href=\"https:\/\/bktrading-tunisie.com\/en\/divers\/caisses-industrielles\/\">Caisses industrielles<\/a><\/h3>\r\n                                                <a class=\"detail\" href=\"https:\/\/bktrading-tunisie.com\/en\/divers\/caisses-industrielles\/\">more details<\/a>\r\n                                            <\/div>\r\n                <\/div>\r\n            <\/div>\r\n                        <div class=\"lower-box\">\r\n                <a class=\"more-detail\" href=\"https:\/\/bktrading-tunisie.com\/en\/divers\/caisses-industrielles\/\">more details <span class=\"arrow\"><img decoding=\"async\" src=\"https:\/\/themexriver.com\/wp\/constim\/wp-content\/uploads\/2022\/12\/arrow-up-3.png\" alt=\"\" \/><\/span><\/a>\r\n            <\/div>\r\n                    <\/div>\r\n    <\/div>\r\n    \t\t\t\t<\/div>\n\t\t\t\t<\/div>\n\t\t\t\t\t<\/div>\n\t\t<\/div>\n\t\t\t\t<div class=\"elementor-column elementor-col-33 elementor-top-column elementor-element elementor-element-1eba729b\" data-id=\"1eba729b\" data-element_type=\"column\" data-e-type=\"column\">\n\t\t\t<div class=\"elementor-widget-wrap elementor-element-populated\">\n\t\t\t\t\t\t<div class=\"elementor-element elementor-element-58378049 elementor-widget elementor-widget-hos-project-grid-id\" data-id=\"58378049\" data-element_type=\"widget\" data-e-type=\"widget\" data-widget_type=\"hos-project-grid-id.default\">\n\t\t\t\t<div class=\"elementor-widget-container\">\n\t\t\t\t\t    <div class=\"portfolio-block\">\r\n        <div class=\"inner-box\">\r\n            <div class=\"image\">\r\n                                    <img decoding=\"async\" src=\"https:\/\/bktrading-tunisie.com\/wp-content\/uploads\/2026\/02\/20c63f2d-8d15-408f-b816-a48613691800-scaled.jpg\" alt=\"\" \/>\r\n                                <div class=\"overlay-box\">\r\n                                            <span class=\"number\">02<\/span>\r\n                                        <!-- Content -->\r\n                    <div class=\"content\">\r\n                        <h3><a href=\"https:\/\/bktrading-tunisie.com\/en\/divers\/big-bag\/\">Big bag<\/a><\/h3>\r\n                                                <a class=\"detail\" href=\"https:\/\/bktrading-tunisie.com\/en\/divers\/big-bag\/\">Plus de d\u00e9tails<\/a>\r\n                                            <\/div>\r\n                <\/div>\r\n            <\/div>\r\n                        <div class=\"lower-box\">\r\n                <a class=\"more-detail\" href=\"https:\/\/bktrading-tunisie.com\/en\/divers\/big-bag\/\">Plus de d\u00e9tails <span class=\"arrow\"><img decoding=\"async\" src=\"https:\/\/themexriver.com\/wp\/constim\/wp-content\/uploads\/2022\/12\/arrow-up-3.png\" alt=\"\" \/><\/span><\/a>\r\n            <\/div>\r\n                    <\/div>\r\n    <\/div>\r\n    \t\t\t\t<\/div>\n\t\t\t\t<\/div>\n\t\t\t\t<div class=\"elementor-element elementor-element-ba1a3f4 elementor-widget elementor-widget-hos-project-grid-id\" data-id=\"ba1a3f4\" data-element_type=\"widget\" data-e-type=\"widget\" data-widget_type=\"hos-project-grid-id.default\">\n\t\t\t\t<div class=\"elementor-widget-container\">\n\t\t\t\t\t    <div class=\"portfolio-block\">\r\n        <div class=\"inner-box\">\r\n            <div class=\"image\">\r\n                                    <img decoding=\"async\" src=\"https:\/\/bktrading-tunisie.com\/wp-content\/uploads\/2026\/02\/POUBELLE-LOTUS-BASCULANTE-50L.jpg\" alt=\"\" \/>\r\n                                <div class=\"overlay-box\">\r\n                                            <span class=\"number\">05<\/span>\r\n                                        <!-- Content -->\r\n                    <div class=\"content\">\r\n                        <h3><a href=\"https:\/\/bktrading-tunisie.com\/en\/divers\/poubelle-petite-taille\/\">Poubelle petite taille<\/a><\/h3>\r\n                                                <a class=\"detail\" href=\"https:\/\/bktrading-tunisie.com\/en\/divers\/poubelle-petite-taille\/\">Plus de d\u00e9tails<\/a>\r\n                                            <\/div>\r\n                <\/div>\r\n            <\/div>\r\n                        <div class=\"lower-box\">\r\n                <a class=\"more-detail\" href=\"https:\/\/bktrading-tunisie.com\/en\/divers\/poubelle-petite-taille\/\">Plus de d\u00e9tails <span class=\"arrow\"><img decoding=\"async\" src=\"https:\/\/themexriver.com\/wp\/constim\/wp-content\/uploads\/2022\/12\/arrow-up-3.png\" alt=\"\" \/><\/span><\/a>\r\n            <\/div>\r\n                    <\/div>\r\n    <\/div>\r\n    \t\t\t\t<\/div>\n\t\t\t\t<\/div>\n\t\t\t\t\t<\/div>\n\t\t<\/div>\n\t\t\t\t<div class=\"elementor-column elementor-col-33 elementor-top-column elementor-element elementor-element-2b1f4997\" data-id=\"2b1f4997\" data-element_type=\"column\" data-e-type=\"column\">\n\t\t\t<div class=\"elementor-widget-wrap elementor-element-populated\">\n\t\t\t\t\t\t<div class=\"elementor-element elementor-element-7222fa97 elementor-widget elementor-widget-hos-project-grid-id\" data-id=\"7222fa97\" data-element_type=\"widget\" data-e-type=\"widget\" data-widget_type=\"hos-project-grid-id.default\">\n\t\t\t\t<div class=\"elementor-widget-container\">\n\t\t\t\t\t    <div class=\"portfolio-block\">\r\n        <div class=\"inner-box\">\r\n            <div class=\"image\">\r\n                                    <img decoding=\"async\" src=\"https:\/\/bktrading-tunisie.com\/wp-content\/uploads\/2026\/02\/11564963_1.jpg\" alt=\"\" \/>\r\n                                <div class=\"overlay-box\">\r\n                                            <span class=\"number\">03<\/span>\r\n                                        <!-- Content -->\r\n                    <div class=\"content\">\r\n                        <h3><a href=\"https:\/\/bktrading-tunisie.com\/en\/divers\/bloc-tirroir\/\">Bloc tirroir<\/a><\/h3>\r\n                                                <a class=\"detail\" href=\"https:\/\/bktrading-tunisie.com\/en\/divers\/bloc-tirroir\/\">Plus de d\u00e9tails<\/a>\r\n                                            <\/div>\r\n                <\/div>\r\n            <\/div>\r\n                        <div class=\"lower-box\">\r\n                <a class=\"more-detail\" href=\"https:\/\/bktrading-tunisie.com\/en\/divers\/bloc-tirroir\/\">Plus de d\u00e9tails <span class=\"arrow\"><img decoding=\"async\" src=\"https:\/\/themexriver.com\/wp\/constim\/wp-content\/uploads\/2022\/12\/arrow-up-3.png\" alt=\"\" \/><\/span><\/a>\r\n            <\/div>\r\n                    <\/div>\r\n    <\/div>\r\n    \t\t\t\t<\/div>\n\t\t\t\t<\/div>\n\t\t\t\t<div class=\"elementor-element elementor-element-ddcf3a1 elementor-widget elementor-widget-hos-project-grid-id\" data-id=\"ddcf3a1\" data-element_type=\"widget\" data-e-type=\"widget\" data-widget_type=\"hos-project-grid-id.default\">\n\t\t\t\t<div class=\"elementor-widget-container\">\n\t\t\t\t\t    <div class=\"portfolio-block\">\r\n        <div class=\"inner-box\">\r\n            <div class=\"image\">\r\n                                    <img decoding=\"async\" src=\"https:\/\/bktrading-tunisie.com\/wp-content\/uploads\/2026\/02\/POUBELLE-ENVIRONNEMENT-120L-BLEU-FONCE-PB180-31.jpg\" alt=\"\" \/>\r\n                                <div class=\"overlay-box\">\r\n                                            <span class=\"number\">06<\/span>\r\n                                        <!-- Content -->\r\n                    <div class=\"content\">\r\n                        <h3><a href=\"https:\/\/bktrading-tunisie.com\/en\/divers\/poubelle-grande-taille\/\">Poubelle grande taille<\/a><\/h3>\r\n                                                <a class=\"detail\" href=\"https:\/\/bktrading-tunisie.com\/en\/divers\/poubelle-grande-taille\/\">Plus de d\u00e9tails<\/a>\r\n                                            <\/div>\r\n                <\/div>\r\n            <\/div>\r\n                        <div class=\"lower-box\">\r\n                <a class=\"more-detail\" href=\"https:\/\/bktrading-tunisie.com\/en\/divers\/poubelle-grande-taille\/\">Plus de d\u00e9tails <span class=\"arrow\"><img decoding=\"async\" src=\"https:\/\/themexriver.com\/wp\/constim\/wp-content\/uploads\/2022\/12\/arrow-up-3.png\" alt=\"\" \/><\/span><\/a>\r\n            <\/div>\r\n                    <\/div>\r\n    <\/div>\r\n    \t\t\t\t<\/div>\n\t\t\t\t<\/div>\n\t\t\t\t\t<\/div>\n\t\t<\/div>\n\t\t\t\t\t<\/div>\n\t\t<\/section>\n\t\t\t\t<\/div>","protected":false},"excerpt":{"rendered":"<p>Divers Produits 01 Bacs de stockage plus de d\u00e9tails plus de d\u00e9tails 04 Caisses industrielles plus de d\u00e9tails plus de d\u00e9tails 02 Big bag Plus de d\u00e9tails Plus de d\u00e9tails 05 Poubelle petite taille Plus de d\u00e9tails Plus de d\u00e9tails 03 Bloc tirroir Plus de d\u00e9tails Plus de d\u00e9tails 06 Poubelle grande taille Plus de [&hellip;]<\/p>\n","protected":false},"author":1,"featured_media":0,"parent":0,"menu_order":0,"comment_status":"closed","ping_status":"closed","template":"","meta":{"inline_featured_image":false,"footnotes":""},"class_list":["post-2694","page","type-page","status-publish","hentry"],"yoast_head":"<!-- This site is optimized with the Yoast SEO Premium plugin v26.9 (Yoast SEO v27.6) - https:\/\/yoast.com\/product\/yoast-seo-premium-wordpress\/ -->\n<title>Divers &#8211; BK Trading<\/title>\n<meta name=\"robots\" content=\"index, follow, max-snippet:-1, max-image-preview:large, max-video-preview:-1\" \/>\n<link rel=\"canonical\" href=\"https:\/\/bktrading-tunisie.com\/en\/divers\/\" \/>\n<meta property=\"og:locale\" content=\"en_US\" \/>\n<meta property=\"og:type\" content=\"article\" \/>\n<meta property=\"og:title\" content=\"Divers\" \/>\n<meta property=\"og:description\" content=\"Divers Produits 01 Bacs de stockage plus de d\u00e9tails plus de d\u00e9tails 04 Caisses industrielles plus de d\u00e9tails plus de d\u00e9tails 02 Big bag Plus de d\u00e9tails Plus de d\u00e9tails 05 Poubelle petite taille Plus de d\u00e9tails Plus de d\u00e9tails 03 Bloc tirroir Plus de d\u00e9tails Plus de d\u00e9tails 06 Poubelle grande taille Plus de [&hellip;]\" \/>\n<meta property=\"og:url\" content=\"https:\/\/bktrading-tunisie.com\/en\/divers\/\" \/>\n<meta property=\"og:site_name\" content=\"BK Trading\" \/>\n<meta property=\"article:modified_time\" content=\"2026-02-24T16:00:11+00:00\" \/>\n<meta property=\"og:image\" content=\"https:\/\/bktrading-tunisie.com\/wp-content\/uploads\/2026\/02\/WhatsApp-Image-2026-02-14-at-13.06.46.jpeg\" \/>\n<meta name=\"twitter:card\" content=\"summary_large_image\" \/>\n<meta name=\"twitter:label1\" content=\"Est. reading time\" \/>\n\t<meta name=\"twitter:data1\" content=\"3 minutes\" \/>\n<script type=\"application\/ld+json\" class=\"yoast-schema-graph\">{\"@context\":\"https:\\\/\\\/schema.org\",\"@graph\":[{\"@type\":\"WebPage\",\"@id\":\"https:\\\/\\\/bktrading-tunisie.com\\\/divers\\\/\",\"url\":\"https:\\\/\\\/bktrading-tunisie.com\\\/divers\\\/\",\"name\":\"Divers &#8211; BK Trading\",\"isPartOf\":{\"@id\":\"https:\\\/\\\/bktrading-tunisie.com\\\/#website\"},\"primaryImageOfPage\":{\"@id\":\"https:\\\/\\\/bktrading-tunisie.com\\\/divers\\\/#primaryimage\"},\"image\":{\"@id\":\"https:\\\/\\\/bktrading-tunisie.com\\\/divers\\\/#primaryimage\"},\"thumbnailUrl\":\"https:\\\/\\\/bktrading-tunisie.com\\\/wp-content\\\/uploads\\\/2026\\\/02\\\/WhatsApp-Image-2026-02-14-at-13.06.46.jpeg\",\"datePublished\":\"2026-02-22T22:01:53+00:00\",\"dateModified\":\"2026-02-24T16:00:11+00:00\",\"breadcrumb\":{\"@id\":\"https:\\\/\\\/bktrading-tunisie.com\\\/divers\\\/#breadcrumb\"},\"inLanguage\":\"en-US\",\"potentialAction\":[{\"@type\":\"ReadAction\",\"target\":[\"https:\\\/\\\/bktrading-tunisie.com\\\/divers\\\/\"]}]},{\"@type\":\"ImageObject\",\"inLanguage\":\"en-US\",\"@id\":\"https:\\\/\\\/bktrading-tunisie.com\\\/divers\\\/#primaryimage\",\"url\":\"https:\\\/\\\/bktrading-tunisie.com\\\/wp-content\\\/uploads\\\/2026\\\/02\\\/WhatsApp-Image-2026-02-14-at-13.06.46.jpeg\",\"contentUrl\":\"https:\\\/\\\/bktrading-tunisie.com\\\/wp-content\\\/uploads\\\/2026\\\/02\\\/WhatsApp-Image-2026-02-14-at-13.06.46.jpeg\"},{\"@type\":\"BreadcrumbList\",\"@id\":\"https:\\\/\\\/bktrading-tunisie.com\\\/divers\\\/#breadcrumb\",\"itemListElement\":[{\"@type\":\"ListItem\",\"position\":1,\"name\":\"Home\",\"item\":\"https:\\\/\\\/bktrading-tunisie.com\\\/\"},{\"@type\":\"ListItem\",\"position\":2,\"name\":\"Divers\"}]},{\"@type\":\"WebSite\",\"@id\":\"https:\\\/\\\/bktrading-tunisie.com\\\/#website\",\"url\":\"https:\\\/\\\/bktrading-tunisie.com\\\/\",\"name\":\"BK Trading\",\"description\":\"Emballage &amp; Fournitures Industrielles\",\"publisher\":{\"@id\":\"https:\\\/\\\/bktrading-tunisie.com\\\/#organization\"},\"potentialAction\":[{\"@type\":\"SearchAction\",\"target\":{\"@type\":\"EntryPoint\",\"urlTemplate\":\"https:\\\/\\\/bktrading-tunisie.com\\\/?s={search_term_string}\"},\"query-input\":{\"@type\":\"PropertyValueSpecification\",\"valueRequired\":true,\"valueName\":\"search_term_string\"}}],\"inLanguage\":\"en-US\"},{\"@type\":\"Organization\",\"@id\":\"https:\\\/\\\/bktrading-tunisie.com\\\/#organization\",\"name\":\"BK Trading\",\"url\":\"https:\\\/\\\/bktrading-tunisie.com\\\/\",\"logo\":{\"@type\":\"ImageObject\",\"inLanguage\":\"en-US\",\"@id\":\"https:\\\/\\\/bktrading-tunisie.com\\\/#\\\/schema\\\/logo\\\/image\\\/\",\"url\":\"https:\\\/\\\/bktrading-tunisie.com\\\/wp-content\\\/uploads\\\/2026\\\/01\\\/cropped-Artboard-1-1.png\",\"contentUrl\":\"https:\\\/\\\/bktrading-tunisie.com\\\/wp-content\\\/uploads\\\/2026\\\/01\\\/cropped-Artboard-1-1.png\",\"width\":512,\"height\":512,\"caption\":\"BK Trading\"},\"image\":{\"@id\":\"https:\\\/\\\/bktrading-tunisie.com\\\/#\\\/schema\\\/logo\\\/image\\\/\"}}]}<\/script>\n<!-- \/ Yoast SEO Premium plugin. -->","yoast_head_json":{"title":"Divers &#8211; BK Trading","robots":{"index":"index","follow":"follow","max-snippet":"max-snippet:-1","max-image-preview":"max-image-preview:large","max-video-preview":"max-video-preview:-1"},"canonical":"https:\/\/bktrading-tunisie.com\/en\/divers\/","og_locale":"en_US","og_type":"article","og_title":"Divers","og_description":"Divers Produits 01 Bacs de stockage plus de d\u00e9tails plus de d\u00e9tails 04 Caisses industrielles plus de d\u00e9tails plus de d\u00e9tails 02 Big bag Plus de d\u00e9tails Plus de d\u00e9tails 05 Poubelle petite taille Plus de d\u00e9tails Plus de d\u00e9tails 03 Bloc tirroir Plus de d\u00e9tails Plus de d\u00e9tails 06 Poubelle grande taille Plus de [&hellip;]","og_url":"https:\/\/bktrading-tunisie.com\/en\/divers\/","og_site_name":"BK Trading","article_modified_time":"2026-02-24T16:00:11+00:00","og_image":[{"url":"https:\/\/bktrading-tunisie.com\/wp-content\/uploads\/2026\/02\/WhatsApp-Image-2026-02-14-at-13.06.46.jpeg","type":"","width":"","height":""}],"twitter_card":"summary_large_image","twitter_misc":{"Est. reading time":"3 minutes"},"schema":{"@context":"https:\/\/schema.org","@graph":[{"@type":"WebPage","@id":"https:\/\/bktrading-tunisie.com\/divers\/","url":"https:\/\/bktrading-tunisie.com\/divers\/","name":"Divers &#8211; BK Trading","isPartOf":{"@id":"https:\/\/bktrading-tunisie.com\/#website"},"primaryImageOfPage":{"@id":"https:\/\/bktrading-tunisie.com\/divers\/#primaryimage"},"image":{"@id":"https:\/\/bktrading-tunisie.com\/divers\/#primaryimage"},"thumbnailUrl":"https:\/\/bktrading-tunisie.com\/wp-content\/uploads\/2026\/02\/WhatsApp-Image-2026-02-14-at-13.06.46.jpeg","datePublished":"2026-02-22T22:01:53+00:00","dateModified":"2026-02-24T16:00:11+00:00","breadcrumb":{"@id":"https:\/\/bktrading-tunisie.com\/divers\/#breadcrumb"},"inLanguage":"en-US","potentialAction":[{"@type":"ReadAction","target":["https:\/\/bktrading-tunisie.com\/divers\/"]}]},{"@type":"ImageObject","inLanguage":"en-US","@id":"https:\/\/bktrading-tunisie.com\/divers\/#primaryimage","url":"https:\/\/bktrading-tunisie.com\/wp-content\/uploads\/2026\/02\/WhatsApp-Image-2026-02-14-at-13.06.46.jpeg","contentUrl":"https:\/\/bktrading-tunisie.com\/wp-content\/uploads\/2026\/02\/WhatsApp-Image-2026-02-14-at-13.06.46.jpeg"},{"@type":"BreadcrumbList","@id":"https:\/\/bktrading-tunisie.com\/divers\/#breadcrumb","itemListElement":[{"@type":"ListItem","position":1,"name":"Home","item":"https:\/\/bktrading-tunisie.com\/"},{"@type":"ListItem","position":2,"name":"Divers"}]},{"@type":"WebSite","@id":"https:\/\/bktrading-tunisie.com\/#website","url":"https:\/\/bktrading-tunisie.com\/","name":"BK Trading","description":"Emballage &amp; Fournitures Industrielles","publisher":{"@id":"https:\/\/bktrading-tunisie.com\/#organization"},"potentialAction":[{"@type":"SearchAction","target":{"@type":"EntryPoint","urlTemplate":"https:\/\/bktrading-tunisie.com\/?s={search_term_string}"},"query-input":{"@type":"PropertyValueSpecification","valueRequired":true,"valueName":"search_term_string"}}],"inLanguage":"en-US"},{"@type":"Organization","@id":"https:\/\/bktrading-tunisie.com\/#organization","name":"BK Trading","url":"https:\/\/bktrading-tunisie.com\/","logo":{"@type":"ImageObject","inLanguage":"en-US","@id":"https:\/\/bktrading-tunisie.com\/#\/schema\/logo\/image\/","url":"https:\/\/bktrading-tunisie.com\/wp-content\/uploads\/2026\/01\/cropped-Artboard-1-1.png","contentUrl":"https:\/\/bktrading-tunisie.com\/wp-content\/uploads\/2026\/01\/cropped-Artboard-1-1.png","width":512,"height":512,"caption":"BK Trading"},"image":{"@id":"https:\/\/bktrading-tunisie.com\/#\/schema\/logo\/image\/"}}]}},"_hostinger_reach_plugin_has_subscription_block":false,"_hostinger_reach_plugin_is_elementor":false,"_links":{"self":[{"href":"https:\/\/bktrading-tunisie.com\/en\/wp-json\/wp\/v2\/pages\/2694","targetHints":{"allow":["GET"]}}],"collection":[{"href":"https:\/\/bktrading-tunisie.com\/en\/wp-json\/wp\/v2\/pages"}],"about":[{"href":"https:\/\/bktrading-tunisie.com\/en\/wp-json\/wp\/v2\/types\/page"}],"author":[{"embeddable":true,"href":"https:\/\/bktrading-tunisie.com\/en\/wp-json\/wp\/v2\/users\/1"}],"replies":[{"embeddable":true,"href":"https:\/\/bktrading-tunisie.com\/en\/wp-json\/wp\/v2\/comments?post=2694"}],"version-history":[{"count":10,"href":"https:\/\/bktrading-tunisie.com\/en\/wp-json\/wp\/v2\/pages\/2694\/revisions"}],"predecessor-version":[{"id":2807,"href":"https:\/\/bktrading-tunisie.com\/en\/wp-json\/wp\/v2\/pages\/2694\/revisions\/2807"}],"wp:attachment":[{"href":"https:\/\/bktrading-tunisie.com\/en\/wp-json\/wp\/v2\/media?parent=2694"}],"curies":[{"name":"wp","href":"https:\/\/api.w.org\/{rel}","templated":true}]}}