{"id":2153,"date":"2026-01-30T20:07:32","date_gmt":"2026-01-30T19:07:32","guid":{"rendered":"https:\/\/bktrading-tunisie.com\/?page_id=2153"},"modified":"2026-02-25T14:52:26","modified_gmt":"2026-02-25T13:52:26","slug":"accessoires","status":"publish","type":"page","link":"https:\/\/bktrading-tunisie.com\/en\/accessoires\/","title":{"rendered":"Accessories"},"content":{"rendered":"<div data-elementor-type=\"wp-page\" data-elementor-id=\"2153\" class=\"elementor elementor-2153\" data-elementor-post-type=\"page\">\n\t\t\t\t\t\t<section class=\"elementor-section elementor-top-section elementor-element elementor-element-3ddd9876 elementor-section-full_width page-title elementor-section-stretched elementor-section-height-default elementor-section-height-default\" data-id=\"3ddd9876\" data-element_type=\"section\" data-e-type=\"section\" data-settings=\"{&quot;background_background&quot;:&quot;gradient&quot;,&quot;stretch_section&quot;:&quot;section-stretched&quot;}\">\n\t\t\t\t\t\t<div class=\"elementor-container elementor-column-gap-no\">\n\t\t\t\t\t<div class=\"elementor-column elementor-col-100 elementor-top-column elementor-element elementor-element-3afbf25\" data-id=\"3afbf25\" data-element_type=\"column\" data-e-type=\"column\">\n\t\t\t<div class=\"elementor-widget-wrap elementor-element-populated\">\n\t\t\t\t\t\t<div class=\"elementor-element elementor-element-353e92fc elementor-widget elementor-widget-heading\" data-id=\"353e92fc\" data-element_type=\"widget\" data-e-type=\"widget\" data-widget_type=\"heading.default\">\n\t\t\t\t\t<h1 class=\"elementor-heading-title elementor-size-default\">Our Accessories Products<\/h1>\t\t\t\t<\/div>\n\t\t\t\t\t<\/div>\n\t\t<\/div>\n\t\t\t\t\t<\/div>\n\t\t<\/section>\n\t\t\t\t<section class=\"elementor-section elementor-top-section elementor-element elementor-element-1b082fad elementor-section-boxed elementor-section-height-default elementor-section-height-default\" data-id=\"1b082fad\" data-element_type=\"section\" data-e-type=\"section\">\n\t\t\t\t\t\t<div class=\"elementor-container elementor-column-gap-default\">\n\t\t\t\t\t<div class=\"elementor-column elementor-col-33 elementor-top-column elementor-element elementor-element-7d42f2cf\" data-id=\"7d42f2cf\" data-element_type=\"column\" data-e-type=\"column\">\n\t\t\t<div class=\"elementor-widget-wrap elementor-element-populated\">\n\t\t\t\t\t\t<div class=\"elementor-element elementor-element-7eb54211 elementor-widget elementor-widget-hos-project-grid-id\" data-id=\"7eb54211\" data-element_type=\"widget\" data-e-type=\"widget\" data-widget_type=\"hos-project-grid-id.default\">\n\t\t\t\t<div class=\"elementor-widget-container\">\n\t\t\t\t\t    <div class=\"portfolio-block\">\r\n        <div class=\"inner-box\">\r\n            <div class=\"image\">\r\n                                    <img decoding=\"async\" src=\"https:\/\/bktrading-tunisie.com\/wp-content\/uploads\/2026\/02\/images-5.jpeg\" alt=\"\" \/>\r\n                                <div class=\"overlay-box\">\r\n                                            <span class=\"number\">01<\/span>\r\n                                        <!-- Content -->\r\n                    <div class=\"content\">\r\n                        <h3><a href=\"https:\/\/bktrading-tunisie.com\/en\/accessoires\/devidoir-metaillique-pour-film-etirable-manuel\/\">Devidoir metaillique pour film etirable manuel<\/a><\/h3>\r\n                                                <a class=\"detail\" href=\"https:\/\/bktrading-tunisie.com\/en\/accessoires\/devidoir-metaillique-pour-film-etirable-manuel\/\">more details<\/a>\r\n                                            <\/div>\r\n                <\/div>\r\n            <\/div>\r\n                        <div class=\"lower-box\">\r\n                <a class=\"more-detail\" href=\"https:\/\/bktrading-tunisie.com\/en\/accessoires\/devidoir-metaillique-pour-film-etirable-manuel\/\">more details <span class=\"arrow\"><img decoding=\"async\" src=\"https:\/\/themexriver.com\/wp\/constim\/wp-content\/uploads\/2022\/12\/arrow-up-3.png\" alt=\"\" \/><\/span><\/a>\r\n            <\/div>\r\n                    <\/div>\r\n    <\/div>\r\n    \t\t\t\t<\/div>\n\t\t\t\t<\/div>\n\t\t\t\t<div class=\"elementor-element elementor-element-f756a24 elementor-widget elementor-widget-hos-project-grid-id\" data-id=\"f756a24\" data-element_type=\"widget\" data-e-type=\"widget\" data-widget_type=\"hos-project-grid-id.default\">\n\t\t\t\t<div class=\"elementor-widget-container\">\n\t\t\t\t\t    <div class=\"portfolio-block\">\r\n        <div class=\"inner-box\">\r\n            <div class=\"image\">\r\n                                    <img decoding=\"async\" src=\"https:\/\/bktrading-tunisie.com\/wp-content\/uploads\/2026\/02\/images-5-1.jpeg\" alt=\"\" \/>\r\n                                <div class=\"overlay-box\">\r\n                                            <span class=\"number\">04<\/span>\r\n                                        <!-- Content -->\r\n                    <div class=\"content\">\r\n                        <h3><a href=\"https:\/\/bktrading-tunisie.com\/en\/accessoires\/tendeur-sertisseur-pour-feuillard\/\">Tendeur-sertisseur pour feuillard<\/a><\/h3>\r\n                                                <a class=\"detail\" href=\"https:\/\/bktrading-tunisie.com\/en\/accessoires\/tendeur-sertisseur-pour-feuillard\/\">more details<\/a>\r\n                                            <\/div>\r\n                <\/div>\r\n            <\/div>\r\n                        <div class=\"lower-box\">\r\n                <a class=\"more-detail\" href=\"https:\/\/bktrading-tunisie.com\/en\/accessoires\/tendeur-sertisseur-pour-feuillard\/\">more details <span class=\"arrow\"><img decoding=\"async\" src=\"https:\/\/themexriver.com\/wp\/constim\/wp-content\/uploads\/2022\/12\/arrow-up-3.png\" alt=\"\" \/><\/span><\/a>\r\n            <\/div>\r\n                    <\/div>\r\n    <\/div>\r\n    \t\t\t\t<\/div>\n\t\t\t\t<\/div>\n\t\t\t\t\t<\/div>\n\t\t<\/div>\n\t\t\t\t<div class=\"elementor-column elementor-col-33 elementor-top-column elementor-element elementor-element-1eba729b\" data-id=\"1eba729b\" data-element_type=\"column\" data-e-type=\"column\">\n\t\t\t<div class=\"elementor-widget-wrap elementor-element-populated\">\n\t\t\t\t\t\t<div class=\"elementor-element elementor-element-58378049 elementor-widget elementor-widget-hos-project-grid-id\" data-id=\"58378049\" data-element_type=\"widget\" data-e-type=\"widget\" data-widget_type=\"hos-project-grid-id.default\">\n\t\t\t\t<div class=\"elementor-widget-container\">\n\t\t\t\t\t    <div class=\"portfolio-block\">\r\n        <div class=\"inner-box\">\r\n            <div class=\"image\">\r\n                                    <img decoding=\"async\" src=\"https:\/\/bktrading-tunisie.com\/wp-content\/uploads\/2026\/02\/images-copy.jpeg\" alt=\"\" \/>\r\n                                <div class=\"overlay-box\">\r\n                                            <span class=\"number\">02<\/span>\r\n                                        <!-- Content -->\r\n                    <div class=\"content\">\r\n                        <h3><a href=\"https:\/\/bktrading-tunisie.com\/en\/accessoires\/devidoir-pour-feuillard\/\">Devidoir pour feuillard<\/a><\/h3>\r\n                                                <a class=\"detail\" href=\"https:\/\/bktrading-tunisie.com\/en\/accessoires\/devidoir-pour-feuillard\/\">Plus de d\u00e9tails<\/a>\r\n                                            <\/div>\r\n                <\/div>\r\n            <\/div>\r\n                        <div class=\"lower-box\">\r\n                <a class=\"more-detail\" href=\"https:\/\/bktrading-tunisie.com\/en\/accessoires\/devidoir-pour-feuillard\/\">Plus de d\u00e9tails <span class=\"arrow\"><img decoding=\"async\" src=\"https:\/\/themexriver.com\/wp\/constim\/wp-content\/uploads\/2022\/12\/arrow-up-3.png\" alt=\"\" \/><\/span><\/a>\r\n            <\/div>\r\n                    <\/div>\r\n    <\/div>\r\n    \t\t\t\t<\/div>\n\t\t\t\t<\/div>\n\t\t\t\t\t<\/div>\n\t\t<\/div>\n\t\t\t\t<div class=\"elementor-column elementor-col-33 elementor-top-column elementor-element elementor-element-2b1f4997\" data-id=\"2b1f4997\" data-element_type=\"column\" data-e-type=\"column\">\n\t\t\t<div class=\"elementor-widget-wrap elementor-element-populated\">\n\t\t\t\t\t\t<div class=\"elementor-element elementor-element-8ce8da9 elementor-widget elementor-widget-hos-project-grid-id\" data-id=\"8ce8da9\" data-element_type=\"widget\" data-e-type=\"widget\" data-widget_type=\"hos-project-grid-id.default\">\n\t\t\t\t<div class=\"elementor-widget-container\">\n\t\t\t\t\t    <div class=\"portfolio-block\">\r\n        <div class=\"inner-box\">\r\n            <div class=\"image\">\r\n                                    <img decoding=\"async\" src=\"https:\/\/bktrading-tunisie.com\/wp-content\/uploads\/2026\/02\/tape-dispenser-sealing-shipping-cardboard-box-scaled.jpg\" alt=\"\" \/>\r\n                                <div class=\"overlay-box\">\r\n                                            <span class=\"number\">03<\/span>\r\n                                        <!-- Content -->\r\n                    <div class=\"content\">\r\n                        <h3><a href=\"https:\/\/bktrading-tunisie.com\/en\/accessoires\/scotch\/\">Devidoir scotch<\/a><\/h3>\r\n                                                <a class=\"detail\" href=\"https:\/\/bktrading-tunisie.com\/en\/accessoires\/scotch\/\">Plus de d\u00e9tails<\/a>\r\n                                            <\/div>\r\n                <\/div>\r\n            <\/div>\r\n                        <div class=\"lower-box\">\r\n                <a class=\"more-detail\" href=\"https:\/\/bktrading-tunisie.com\/en\/accessoires\/scotch\/\">Plus de d\u00e9tails <span class=\"arrow\"><img decoding=\"async\" src=\"https:\/\/themexriver.com\/wp\/constim\/wp-content\/uploads\/2022\/12\/arrow-up-3.png\" alt=\"\" \/><\/span><\/a>\r\n            <\/div>\r\n                    <\/div>\r\n    <\/div>\r\n    \t\t\t\t<\/div>\n\t\t\t\t<\/div>\n\t\t\t\t\t<\/div>\n\t\t<\/div>\n\t\t\t\t\t<\/div>\n\t\t<\/section>\n\t\t\t\t<\/div>","protected":false},"excerpt":{"rendered":"<p>Nos Accessoires 01 Devidoir metaillique pour film etirable manuel plus de d\u00e9tails plus de d\u00e9tails 04 Tendeur-sertisseur pour feuillard plus de d\u00e9tails plus de d\u00e9tails 02 Devidoir pour feuillard Plus de d\u00e9tails Plus de d\u00e9tails 03 Devidoir scotch Plus de d\u00e9tails Plus de d\u00e9tails<\/p>","protected":false},"author":1,"featured_media":0,"parent":0,"menu_order":0,"comment_status":"closed","ping_status":"closed","template":"","meta":{"inline_featured_image":false,"footnotes":""},"class_list":["post-2153","page","type-page","status-publish","hentry"],"yoast_head":"<!-- This site is optimized with the Yoast SEO Premium plugin v26.9 (Yoast SEO v27.6) - https:\/\/yoast.com\/product\/yoast-seo-premium-wordpress\/ -->\n<title>Accessoires &#8211; BK Trading<\/title>\n<meta name=\"robots\" content=\"index, follow, max-snippet:-1, max-image-preview:large, max-video-preview:-1\" \/>\n<link rel=\"canonical\" href=\"https:\/\/bktrading-tunisie.com\/en\/accessoires\/\" \/>\n<meta property=\"og:locale\" content=\"en_US\" \/>\n<meta property=\"og:type\" content=\"article\" \/>\n<meta property=\"og:title\" content=\"Accessoires\" \/>\n<meta property=\"og:description\" content=\"Nos Accessoires 01 Devidoir metaillique pour film etirable manuel plus de d\u00e9tails plus de d\u00e9tails 04 Tendeur-sertisseur pour feuillard plus de d\u00e9tails plus de d\u00e9tails 02 Devidoir pour feuillard Plus de d\u00e9tails Plus de d\u00e9tails 03 Devidoir scotch Plus de d\u00e9tails Plus de d\u00e9tails\" \/>\n<meta property=\"og:url\" content=\"https:\/\/bktrading-tunisie.com\/en\/accessoires\/\" \/>\n<meta property=\"og:site_name\" content=\"BK Trading\" \/>\n<meta property=\"article:modified_time\" content=\"2026-02-25T13:52:26+00:00\" \/>\n<meta property=\"og:image\" content=\"https:\/\/bktrading-tunisie.com\/wp-content\/uploads\/2026\/02\/images-5.jpeg\" \/>\n<meta name=\"twitter:card\" content=\"summary_large_image\" \/>\n<meta name=\"twitter:label1\" content=\"Est. reading time\" \/>\n\t<meta name=\"twitter:data1\" content=\"2 minutes\" \/>\n<script type=\"application\/ld+json\" class=\"yoast-schema-graph\">{\"@context\":\"https:\\\/\\\/schema.org\",\"@graph\":[{\"@type\":\"WebPage\",\"@id\":\"https:\\\/\\\/bktrading-tunisie.com\\\/accessoires\\\/\",\"url\":\"https:\\\/\\\/bktrading-tunisie.com\\\/accessoires\\\/\",\"name\":\"Accessoires &#8211; BK Trading\",\"isPartOf\":{\"@id\":\"https:\\\/\\\/bktrading-tunisie.com\\\/#website\"},\"primaryImageOfPage\":{\"@id\":\"https:\\\/\\\/bktrading-tunisie.com\\\/accessoires\\\/#primaryimage\"},\"image\":{\"@id\":\"https:\\\/\\\/bktrading-tunisie.com\\\/accessoires\\\/#primaryimage\"},\"thumbnailUrl\":\"https:\\\/\\\/bktrading-tunisie.com\\\/wp-content\\\/uploads\\\/2026\\\/02\\\/images-5.jpeg\",\"datePublished\":\"2026-01-30T19:07:32+00:00\",\"dateModified\":\"2026-02-25T13:52:26+00:00\",\"breadcrumb\":{\"@id\":\"https:\\\/\\\/bktrading-tunisie.com\\\/accessoires\\\/#breadcrumb\"},\"inLanguage\":\"en-US\",\"potentialAction\":[{\"@type\":\"ReadAction\",\"target\":[\"https:\\\/\\\/bktrading-tunisie.com\\\/accessoires\\\/\"]}]},{\"@type\":\"ImageObject\",\"inLanguage\":\"en-US\",\"@id\":\"https:\\\/\\\/bktrading-tunisie.com\\\/accessoires\\\/#primaryimage\",\"url\":\"https:\\\/\\\/bktrading-tunisie.com\\\/wp-content\\\/uploads\\\/2026\\\/02\\\/images-5.jpeg\",\"contentUrl\":\"https:\\\/\\\/bktrading-tunisie.com\\\/wp-content\\\/uploads\\\/2026\\\/02\\\/images-5.jpeg\"},{\"@type\":\"BreadcrumbList\",\"@id\":\"https:\\\/\\\/bktrading-tunisie.com\\\/accessoires\\\/#breadcrumb\",\"itemListElement\":[{\"@type\":\"ListItem\",\"position\":1,\"name\":\"Home\",\"item\":\"https:\\\/\\\/bktrading-tunisie.com\\\/\"},{\"@type\":\"ListItem\",\"position\":2,\"name\":\"Accessoires\"}]},{\"@type\":\"WebSite\",\"@id\":\"https:\\\/\\\/bktrading-tunisie.com\\\/#website\",\"url\":\"https:\\\/\\\/bktrading-tunisie.com\\\/\",\"name\":\"BK Trading\",\"description\":\"Emballage &amp; Fournitures Industrielles\",\"publisher\":{\"@id\":\"https:\\\/\\\/bktrading-tunisie.com\\\/#organization\"},\"potentialAction\":[{\"@type\":\"SearchAction\",\"target\":{\"@type\":\"EntryPoint\",\"urlTemplate\":\"https:\\\/\\\/bktrading-tunisie.com\\\/?s={search_term_string}\"},\"query-input\":{\"@type\":\"PropertyValueSpecification\",\"valueRequired\":true,\"valueName\":\"search_term_string\"}}],\"inLanguage\":\"en-US\"},{\"@type\":\"Organization\",\"@id\":\"https:\\\/\\\/bktrading-tunisie.com\\\/#organization\",\"name\":\"BK Trading\",\"url\":\"https:\\\/\\\/bktrading-tunisie.com\\\/\",\"logo\":{\"@type\":\"ImageObject\",\"inLanguage\":\"en-US\",\"@id\":\"https:\\\/\\\/bktrading-tunisie.com\\\/#\\\/schema\\\/logo\\\/image\\\/\",\"url\":\"https:\\\/\\\/bktrading-tunisie.com\\\/wp-content\\\/uploads\\\/2026\\\/01\\\/cropped-Artboard-1-1.png\",\"contentUrl\":\"https:\\\/\\\/bktrading-tunisie.com\\\/wp-content\\\/uploads\\\/2026\\\/01\\\/cropped-Artboard-1-1.png\",\"width\":512,\"height\":512,\"caption\":\"BK Trading\"},\"image\":{\"@id\":\"https:\\\/\\\/bktrading-tunisie.com\\\/#\\\/schema\\\/logo\\\/image\\\/\"}}]}<\/script>\n<!-- \/ Yoast SEO Premium plugin. -->","yoast_head_json":{"title":"Accessoires &#8211; BK Trading","robots":{"index":"index","follow":"follow","max-snippet":"max-snippet:-1","max-image-preview":"max-image-preview:large","max-video-preview":"max-video-preview:-1"},"canonical":"https:\/\/bktrading-tunisie.com\/en\/accessoires\/","og_locale":"en_US","og_type":"article","og_title":"Accessoires","og_description":"Nos Accessoires 01 Devidoir metaillique pour film etirable manuel plus de d\u00e9tails plus de d\u00e9tails 04 Tendeur-sertisseur pour feuillard plus de d\u00e9tails plus de d\u00e9tails 02 Devidoir pour feuillard Plus de d\u00e9tails Plus de d\u00e9tails 03 Devidoir scotch Plus de d\u00e9tails Plus de d\u00e9tails","og_url":"https:\/\/bktrading-tunisie.com\/en\/accessoires\/","og_site_name":"BK Trading","article_modified_time":"2026-02-25T13:52:26+00:00","og_image":[{"url":"https:\/\/bktrading-tunisie.com\/wp-content\/uploads\/2026\/02\/images-5.jpeg","type":"","width":"","height":""}],"twitter_card":"summary_large_image","twitter_misc":{"Est. reading time":"2 minutes"},"schema":{"@context":"https:\/\/schema.org","@graph":[{"@type":"WebPage","@id":"https:\/\/bktrading-tunisie.com\/accessoires\/","url":"https:\/\/bktrading-tunisie.com\/accessoires\/","name":"Accessoires &#8211; BK Trading","isPartOf":{"@id":"https:\/\/bktrading-tunisie.com\/#website"},"primaryImageOfPage":{"@id":"https:\/\/bktrading-tunisie.com\/accessoires\/#primaryimage"},"image":{"@id":"https:\/\/bktrading-tunisie.com\/accessoires\/#primaryimage"},"thumbnailUrl":"https:\/\/bktrading-tunisie.com\/wp-content\/uploads\/2026\/02\/images-5.jpeg","datePublished":"2026-01-30T19:07:32+00:00","dateModified":"2026-02-25T13:52:26+00:00","breadcrumb":{"@id":"https:\/\/bktrading-tunisie.com\/accessoires\/#breadcrumb"},"inLanguage":"en-US","potentialAction":[{"@type":"ReadAction","target":["https:\/\/bktrading-tunisie.com\/accessoires\/"]}]},{"@type":"ImageObject","inLanguage":"en-US","@id":"https:\/\/bktrading-tunisie.com\/accessoires\/#primaryimage","url":"https:\/\/bktrading-tunisie.com\/wp-content\/uploads\/2026\/02\/images-5.jpeg","contentUrl":"https:\/\/bktrading-tunisie.com\/wp-content\/uploads\/2026\/02\/images-5.jpeg"},{"@type":"BreadcrumbList","@id":"https:\/\/bktrading-tunisie.com\/accessoires\/#breadcrumb","itemListElement":[{"@type":"ListItem","position":1,"name":"Home","item":"https:\/\/bktrading-tunisie.com\/"},{"@type":"ListItem","position":2,"name":"Accessoires"}]},{"@type":"WebSite","@id":"https:\/\/bktrading-tunisie.com\/#website","url":"https:\/\/bktrading-tunisie.com\/","name":"BK Trading","description":"Emballage &amp; Fournitures Industrielles","publisher":{"@id":"https:\/\/bktrading-tunisie.com\/#organization"},"potentialAction":[{"@type":"SearchAction","target":{"@type":"EntryPoint","urlTemplate":"https:\/\/bktrading-tunisie.com\/?s={search_term_string}"},"query-input":{"@type":"PropertyValueSpecification","valueRequired":true,"valueName":"search_term_string"}}],"inLanguage":"en-US"},{"@type":"Organization","@id":"https:\/\/bktrading-tunisie.com\/#organization","name":"BK Trading","url":"https:\/\/bktrading-tunisie.com\/","logo":{"@type":"ImageObject","inLanguage":"en-US","@id":"https:\/\/bktrading-tunisie.com\/#\/schema\/logo\/image\/","url":"https:\/\/bktrading-tunisie.com\/wp-content\/uploads\/2026\/01\/cropped-Artboard-1-1.png","contentUrl":"https:\/\/bktrading-tunisie.com\/wp-content\/uploads\/2026\/01\/cropped-Artboard-1-1.png","width":512,"height":512,"caption":"BK Trading"},"image":{"@id":"https:\/\/bktrading-tunisie.com\/#\/schema\/logo\/image\/"}}]}},"_hostinger_reach_plugin_has_subscription_block":false,"_hostinger_reach_plugin_is_elementor":false,"_links":{"self":[{"href":"https:\/\/bktrading-tunisie.com\/en\/wp-json\/wp\/v2\/pages\/2153","targetHints":{"allow":["GET"]}}],"collection":[{"href":"https:\/\/bktrading-tunisie.com\/en\/wp-json\/wp\/v2\/pages"}],"about":[{"href":"https:\/\/bktrading-tunisie.com\/en\/wp-json\/wp\/v2\/types\/page"}],"author":[{"embeddable":true,"href":"https:\/\/bktrading-tunisie.com\/en\/wp-json\/wp\/v2\/users\/1"}],"replies":[{"embeddable":true,"href":"https:\/\/bktrading-tunisie.com\/en\/wp-json\/wp\/v2\/comments?post=2153"}],"version-history":[{"count":67,"href":"https:\/\/bktrading-tunisie.com\/en\/wp-json\/wp\/v2\/pages\/2153\/revisions"}],"predecessor-version":[{"id":3033,"href":"https:\/\/bktrading-tunisie.com\/en\/wp-json\/wp\/v2\/pages\/2153\/revisions\/3033"}],"wp:attachment":[{"href":"https:\/\/bktrading-tunisie.com\/en\/wp-json\/wp\/v2\/media?parent=2153"}],"curies":[{"name":"wp","href":"https:\/\/api.w.org\/{rel}","templated":true}]}}